{"id":931,"date":"2021-06-07T22:50:16","date_gmt":"2021-06-07T19:50:16","guid":{"rendered":"http:\/\/www.kimteknoloji.com.tr\/?page_id=931"},"modified":"2021-06-07T22:52:16","modified_gmt":"2021-06-07T19:52:16","slug":"yasal-uyari","status":"publish","type":"page","link":"https:\/\/www.kimteknoloji.com.tr\/en\/yasal-uyari\/","title":{"rendered":"Legal Disclaimer"},"content":{"rendered":"<div data-elementor-type=\"wp-page\" data-elementor-id=\"931\" class=\"elementor elementor-931\">\n\t\t\t\t\t\t\t\t\t<section class=\"elementor-section elementor-top-section elementor-element elementor-element-34497ae elementor-section-boxed elementor-section-height-default elementor-section-height-default\" data-id=\"34497ae\" data-element_type=\"section\">\n\t\t\t\t\t\t<div class=\"elementor-container elementor-column-gap-default\">\n\t\t\t\t\t<div class=\"elementor-column elementor-col-100 elementor-top-column elementor-element elementor-element-3121e9d\" data-id=\"3121e9d\" data-element_type=\"column\">\n\t\t\t<div class=\"elementor-widget-wrap elementor-element-populated\">\n\t\t\t\t\t\t\t\t<div class=\"elementor-element elementor-element-9107c92 elementor-widget elementor-widget-heading\" data-id=\"9107c92\" data-element_type=\"widget\" data-widget_type=\"heading.default\">\n\t\t\t\t<div class=\"elementor-widget-container\">\n\t\t\t<h2 class=\"elementor-heading-title elementor-size-default\">Legal Disclaimer<\/h2>\t\t<\/div>\n\t\t\t\t<\/div>\n\t\t\t\t\t<\/div>\n\t\t<\/div>\n\t\t\t\t\t\t\t<\/div>\n\t\t<\/section>\n\t\t\t\t<section class=\"elementor-section elementor-top-section elementor-element elementor-element-46e62bc elementor-section-boxed elementor-section-height-default elementor-section-height-default\" data-id=\"46e62bc\" data-element_type=\"section\">\n\t\t\t\t\t\t<div class=\"elementor-container elementor-column-gap-default\">\n\t\t\t\t\t<div class=\"elementor-column elementor-col-100 elementor-top-column elementor-element elementor-element-bd70ced\" data-id=\"bd70ced\" data-element_type=\"column\">\n\t\t\t<div class=\"elementor-widget-wrap elementor-element-populated\">\n\t\t\t\t\t\t\t\t<div class=\"elementor-element elementor-element-973fe2d elementor-widget elementor-widget-text-editor\" data-id=\"973fe2d\" data-element_type=\"widget\" data-widget_type=\"text-editor.default\">\n\t\t\t\t<div class=\"elementor-widget-container\">\n\t\t\t\t\t\t\t<p>K\u0130M Kayseri \u0130leri Malzemeler Sanayi ve Teknoloji A.\u015e. internet sitesi sayfalar\u0131na eri\u015fiminizden veya siteyi kullan\u0131m\u0131n\u0131zdan \u00f6nce l\u00fctfen bu bildirimi dikkatle okuyunuz. Siteye eri\u015fmekle ve siteyi kullanmakla, a\u015fa\u011f\u0131da belirtilen h\u00fck\u00fcm ve ko\u015fullar\u0131 kabul etmi\u015f say\u0131l\u0131rs\u0131n\u0131z. K\u0130M Kayseri \u0130leri Malzemeler Sanayi ve Teknoloji A.\u015e. , bu Gizlilik Bildirimi ve Yasal Uyar\u0131 \u00fczerinde de\u011fi\u015fiklikler yapma hakk\u0131n\u0131 sakl\u0131 tutar;<\/p><ul><li>Bu internet sitesinde kullan\u0131lan t\u00fcm g\u00f6rsel, sesli ve yaz\u0131l\u0131 materyallerin fikri m\u00fclkiyet haklar\u0131 K\u0130M Kayseri \u0130leri Malzemeler Sanayi ve Teknoloji A.\u015e.\u2019ye ait olup, ilgili mevzuat uyar\u0131nca korunmaktad\u0131r. Bu internet sitesi sayfas\u0131n\u0131n i\u00e7eri\u011finin t\u00fcm\u00fc ya da bir k\u0131sm\u0131 \u00e7o\u011falt\u0131lamaz, da\u011f\u0131t\u0131lamaz ve i\u015flenemez.<\/li><li>Bu internet sitesi sayfalar\u0131nda kullan\u0131lan marka, i\u015faret ve logo gibi her t\u00fcrl\u00fc tan\u0131t\u0131c\u0131 i\u015faretler ilgili mevzuat uyar\u0131nca korunmaktad\u0131r, \u00e7o\u011falt\u0131lamazlar, da\u011f\u0131t\u0131lamazlar ve i\u015flenemez.<\/li><li>Bu internet sitesi, K\u0130M Kayseri \u0130leri Malzemeler Sanayi ve Teknoloji A.\u015e. veya \u00fc\u00e7\u00fcnc\u00fc ki\u015filere ait fikri haklar\u0131n kullan\u0131m\u0131na izin verildi\u011fi anlam\u0131na gelmemektedir.<\/li><li>Bu internet sitesinin i\u00e7eri\u011finde de\u011fi\u015fiklik yapma hakk\u0131 yaln\u0131zca K\u0130M Kayseri \u0130leri Malzemeler Sanayi ve Teknoloji A.\u015e.\u2019ye ait olup, ba\u015fka hi\u00e7bir kullan\u0131c\u0131, internet sitesinin i\u00e7eri\u011fini de\u011fi\u015ftiremez. K\u0130M Kayseri \u0130leri Malzemeler Sanayi ve Teknoloji A.\u015e. diledi\u011fi zaman, sitenin herhangi bir b\u00f6l\u00fcm\u00fcn\u00fc iptal edebilir, de\u011fi\u015ftirebilir, sitenin baz\u0131 b\u00f6l\u00fcmlerine eri\u015fimi engelleyebilir.<\/li><li>K\u0130M Kayseri \u0130leri Malzemeler Sanayi ve Teknoloji A.\u015e., bu internet sitesinin i\u00e7erdi\u011fi bilgilerin hatas\u0131z ve do\u011fru oldu\u011funu garanti etmemektedir. Bu internet sitesindeki bilgilerde yanl\u0131\u015fl\u0131klar, yaz\u0131m hatalar\u0131 ve g\u00fcncelleme hatalar\u0131 bulunabilir, bu gibi aksakl\u0131klardan K\u0130M Kayseri \u0130leri Malzemeler Sanayi ve Teknoloji A.\u015e. sorumlu de\u011fildir.<\/li><li>K\u0130M Kayseri \u0130leri Malzemeler Sanayi ve Teknoloji A.\u015e., internet sitesinde bulunan bilgilerdeki hatalar ve eksiklikler nedeniyle do\u011fabilecek maddi ve manevi hi\u00e7bir zarardan sorumlu tutulamaz. Bu internet sitesinin kullan\u0131m\u0131 s\u0131ras\u0131nda ve\/veya nedeniyle olu\u015fabilecek hi\u00e7bir zarardan da K\u0130M Kayseri \u0130leri Malzemeler Sanayi ve Teknoloji A.\u015e. sorumlu tutulamayacakt\u0131r.<\/li><li>K\u0130M Kayseri \u0130leri Malzemeler Sanayi ve Teknoloji A.\u015e. internet sitesinden yararlanabilmek i\u00e7in kulland\u0131\u011f\u0131n\u0131z bir \u015fifreniz var ise, \u015fifrenizi korumak ve \u00fc\u00e7\u00fcnc\u00fc ki\u015filerin eri\u015fiminden saklamak tamamen sizin sorumlulu\u011funuzdad\u0131r. \u00dc\u00e7\u00fcnc\u00fc ki\u015filerin kullan\u0131m\u0131na izin vermeniz halinde bu ki\u015filerin size ait bilgileri kullanmas\u0131ndan do\u011fan t\u00fcm sorumluluk taraf\u0131n\u0131za ait olacakt\u0131r.<\/li><li>Bu internet sitesine eri\u015fim ve kullan\u0131m s\u0131ras\u0131nda tabi olunan hukuk T\u00fcrkiye Cumhuriyeti Maddi ve Usul Hukukudur.<\/li><\/ul>\t\t\t\t\t\t<\/div>\n\t\t\t\t<\/div>\n\t\t\t\t\t<\/div>\n\t\t<\/div>\n\t\t\t\t\t\t\t<\/div>\n\t\t<\/section>\n\t\t\t\t\t\t\t<\/div>","protected":false},"excerpt":{"rendered":"<p>Yasal Uyar\u0131 K\u0130M Kayseri \u0130leri Malzemeler Sanayi ve Teknoloji A.\u015e. internet sitesi sayfalar\u0131na eri\u015fiminizden veya siteyi kullan\u0131m\u0131n\u0131zdan \u00f6nce l\u00fctfen bu bildirimi dikkatle okuyunuz. Siteye eri\u015fmekle ve siteyi kullanmakla, a\u015fa\u011f\u0131da belirtilen h\u00fck\u00fcm ve ko\u015fullar\u0131 kabul etmi\u015f say\u0131l\u0131rs\u0131n\u0131z. K\u0130M Kayseri \u0130leri Malzemeler<\/p>","protected":false},"author":1,"featured_media":0,"parent":0,"menu_order":0,"comment_status":"closed","ping_status":"closed","template":"","meta":{"footnotes":""},"_links":{"self":[{"href":"https:\/\/www.kimteknoloji.com.tr\/en\/wp-json\/wp\/v2\/pages\/931"}],"collection":[{"href":"https:\/\/www.kimteknoloji.com.tr\/en\/wp-json\/wp\/v2\/pages"}],"about":[{"href":"https:\/\/www.kimteknoloji.com.tr\/en\/wp-json\/wp\/v2\/types\/page"}],"author":[{"embeddable":true,"href":"https:\/\/www.kimteknoloji.com.tr\/en\/wp-json\/wp\/v2\/users\/1"}],"replies":[{"embeddable":true,"href":"https:\/\/www.kimteknoloji.com.tr\/en\/wp-json\/wp\/v2\/comments?post=931"}],"version-history":[{"count":5,"href":"https:\/\/www.kimteknoloji.com.tr\/en\/wp-json\/wp\/v2\/pages\/931\/revisions"}],"predecessor-version":[{"id":936,"href":"https:\/\/www.kimteknoloji.com.tr\/en\/wp-json\/wp\/v2\/pages\/931\/revisions\/936"}],"wp:attachment":[{"href":"https:\/\/www.kimteknoloji.com.tr\/en\/wp-json\/wp\/v2\/media?parent=931"}],"curies":[{"name":"wp","href":"https:\/\/api.w.org\/{rel}","templated":true}]}}