{"id":889,"date":"2021-06-07T21:58:20","date_gmt":"2021-06-07T18:58:20","guid":{"rendered":"http:\/\/www.kimteknoloji.com.tr\/?page_id=889"},"modified":"2023-10-05T17:16:35","modified_gmt":"2023-10-05T14:16:35","slug":"iletisim","status":"publish","type":"page","link":"https:\/\/www.kimteknoloji.com.tr\/en\/iletisim\/","title":{"rendered":"Contact"},"content":{"rendered":"<div data-elementor-type=\"wp-page\" data-elementor-id=\"889\" class=\"elementor elementor-889\">\n\t\t\t\t\t\t\t\t\t<section class=\"elementor-section elementor-top-section elementor-element elementor-element-b0f25ee elementor-section-boxed elementor-section-height-default elementor-section-height-default\" data-id=\"b0f25ee\" data-element_type=\"section\">\n\t\t\t\t\t\t<div class=\"elementor-container elementor-column-gap-default\">\n\t\t\t\t\t<div class=\"elementor-column elementor-col-100 elementor-top-column elementor-element elementor-element-2ec4ec6\" data-id=\"2ec4ec6\" data-element_type=\"column\">\n\t\t\t<div class=\"elementor-widget-wrap elementor-element-populated\">\n\t\t\t\t\t\t\t\t<div class=\"elementor-element elementor-element-191ec81 elementor-widget__width-initial elementor-widget elementor-widget-image\" data-id=\"191ec81\" data-element_type=\"widget\" data-widget_type=\"image.default\">\n\t\t\t\t<div class=\"elementor-widget-container\">\n\t\t\t\t\t\t\t\t\t\t\t\t\t\t\t<img decoding=\"async\" loading=\"lazy\" width=\"750\" height=\"322\" src=\"https:\/\/www.kimteknoloji.com.tr\/wp-content\/uploads\/2021\/06\/fabrika-gorselrev1-1024x440.png\" class=\"attachment-large size-large wp-image-891\" alt=\"\" srcset=\"https:\/\/www.kimteknoloji.com.tr\/wp-content\/uploads\/2021\/06\/fabrika-gorselrev1-1024x440.png 1024w, https:\/\/www.kimteknoloji.com.tr\/wp-content\/uploads\/2021\/06\/fabrika-gorselrev1-300x129.png 300w, https:\/\/www.kimteknoloji.com.tr\/wp-content\/uploads\/2021\/06\/fabrika-gorselrev1-768x330.png 768w, https:\/\/www.kimteknoloji.com.tr\/wp-content\/uploads\/2021\/06\/fabrika-gorselrev1.png 1500w\" sizes=\"(max-width: 750px) 100vw, 750px\" \/>\t\t\t\t\t\t\t\t\t\t\t\t\t\t\t<\/div>\n\t\t\t\t<\/div>\n\t\t\t\t\t<\/div>\n\t\t<\/div>\n\t\t\t\t\t\t\t<\/div>\n\t\t<\/section>\n\t\t\t\t<section class=\"elementor-section elementor-top-section elementor-element elementor-element-8eae1bb elementor-section-boxed elementor-section-height-default elementor-section-height-default\" data-id=\"8eae1bb\" data-element_type=\"section\">\n\t\t\t\t\t\t<div class=\"elementor-container elementor-column-gap-default\">\n\t\t\t\t\t<div class=\"elementor-column elementor-col-100 elementor-top-column elementor-element elementor-element-7a792b2\" data-id=\"7a792b2\" data-element_type=\"column\">\n\t\t\t<div class=\"elementor-widget-wrap elementor-element-populated\">\n\t\t\t\t\t\t\t\t<div class=\"elementor-element elementor-element-3ed9c59 elementor-widget elementor-widget-heading\" data-id=\"3ed9c59\" data-element_type=\"widget\" data-widget_type=\"heading.default\">\n\t\t\t\t<div class=\"elementor-widget-container\">\n\t\t\t<h2 class=\"elementor-heading-title elementor-size-default\">Contact<\/h2>\t\t<\/div>\n\t\t\t\t<\/div>\n\t\t\t\t\t<\/div>\n\t\t<\/div>\n\t\t\t\t\t\t\t<\/div>\n\t\t<\/section>\n\t\t\t\t<section class=\"elementor-section elementor-top-section elementor-element elementor-element-32773ad elementor-section-boxed elementor-section-height-default elementor-section-height-default\" data-id=\"32773ad\" data-element_type=\"section\">\n\t\t\t\t\t\t<div class=\"elementor-container elementor-column-gap-default\">\n\t\t\t\t\t<div class=\"elementor-column elementor-col-50 elementor-top-column elementor-element elementor-element-654a077\" data-id=\"654a077\" data-element_type=\"column\">\n\t\t\t<div class=\"elementor-widget-wrap elementor-element-populated\">\n\t\t\t\t\t\t\t\t<div class=\"elementor-element elementor-element-76cd779 elementor-widget elementor-widget-text-editor\" data-id=\"76cd779\" data-element_type=\"widget\" data-widget_type=\"text-editor.default\">\n\t\t\t\t<div class=\"elementor-widget-container\">\n\t\t\t\t\t\t\t<div><div data-vce-boxed-width=\"true\"><div data-vce-do-apply=\"all el-bd7a5174\"><div data-vce-element-content=\"true\"><div><div data-vce-do-apply=\"border margin background el-56cf107f\"><div data-vce-element-content=\"true\" data-vce-do-apply=\"padding el-56cf107f\"><div data-vce-do-apply=\"all el-653df836\"><p style=\"text-align: left;\"><strong>K\u0130M Kayseri \u0130leri Malzemeler Sanayi ve Teknoloji A.\u015e.<\/strong><\/p><p><strong>Adres<\/strong><\/p><p>Kayseri Organize Sanayi B\u00f6lgesi, 18. Cadde, No: 44\/1, 38210,\u00a0 Hac\u0131lar \u2013 Kayseri \/ T\u00dcRK\u0130YE<\/p><p>\u00a0<\/p><\/div><\/div><\/div><\/div><\/div><\/div><\/div><\/div><div><div data-vce-boxed-width=\"true\"><div data-vce-do-apply=\"all el-bd7a5174\"><div data-vce-element-content=\"true\"><div><div data-vce-do-apply=\"border margin background el-56cf107f\"><div data-vce-element-content=\"true\" data-vce-do-apply=\"padding el-56cf107f\"><div data-vce-do-apply=\"all el-653df836\"><p><img decoding=\"async\" loading=\"lazy\" class=\"alignnone\" style=\"font-family: inherit; font-style: inherit; font-variant-ligatures: inherit; font-variant-caps: inherit; font-weight: inherit; color: var( --e-global-color-primary );\" src=\"https:\/\/cdn.pixabay.com\/photo\/2017\/01\/31\/14\/36\/blue-2024619_960_720.png\" alt=\"Mavi Simge Telefon - Pixabay'da \u00fccretsiz vekt\u00f6r grafik - Pixabay\" width=\"30\" height=\"30\" \/>\u00a0<a style=\"font-family: Raleway; font-size: 16px;\" href=\"tel: 90 (352) 252 23 50\"> +9<\/a><a style=\"font-family: Raleway; font-size: 16px;\" href=\"tel: 90 (352) 252 23 50\">0 (352) 252 23 50<\/a><\/p><p><img decoding=\"async\" loading=\"lazy\" class=\"alignnone\" src=\"https:\/\/w7.pngwing.com\/pngs\/718\/753\/png-transparent-computer-icons-telephone-fax-email-mobile-phones-email-miscellaneous-internet-mobile-phones.png\" alt=\"Faks vekt\u00f6r png | PNGWing\" width=\"30\" height=\"30\" \/>\u00a0 +90 (352) 502 88 88<\/p><p><span style=\"color: var( --e-global-color-primary ); font-family: Raleway;\"><strong><img decoding=\"async\" loading=\"lazy\" class=\"wp-image-1613 alignnone\" src=\"https:\/\/www.kimteknoloji.com.tr\/wp-content\/uploads\/2023\/10\/Email_Shiny_Icon.svg_.png\" alt=\"\" width=\"30\" height=\"30\" srcset=\"https:\/\/www.kimteknoloji.com.tr\/wp-content\/uploads\/2023\/10\/Email_Shiny_Icon.svg_.png 1200w, https:\/\/www.kimteknoloji.com.tr\/wp-content\/uploads\/2023\/10\/Email_Shiny_Icon.svg_-300x300.png 300w, https:\/\/www.kimteknoloji.com.tr\/wp-content\/uploads\/2023\/10\/Email_Shiny_Icon.svg_-1024x1024.png 1024w, https:\/\/www.kimteknoloji.com.tr\/wp-content\/uploads\/2023\/10\/Email_Shiny_Icon.svg_-150x150.png 150w, https:\/\/www.kimteknoloji.com.tr\/wp-content\/uploads\/2023\/10\/Email_Shiny_Icon.svg_-768x768.png 768w, https:\/\/www.kimteknoloji.com.tr\/wp-content\/uploads\/2023\/10\/Email_Shiny_Icon.svg_-12x12.png 12w, https:\/\/www.kimteknoloji.com.tr\/wp-content\/uploads\/2023\/10\/Email_Shiny_Icon.svg_-270x270.png 270w, https:\/\/www.kimteknoloji.com.tr\/wp-content\/uploads\/2023\/10\/Email_Shiny_Icon.svg_-230x230.png 230w\" sizes=\"(max-width: 30px) 100vw, 30px\" \/>\u00a0 <\/strong>contact@kimtechnologies.com.tr\u00a0 \u00a0 \u00a0 \u00a0 \u00a0 \u00a0 \u00a0<\/span><\/p><\/div><\/div><\/div><\/div><\/div><\/div><\/div><div data-vce-boxed-width=\"true\"><div data-vce-do-apply=\"all el-9e6ab143\"><div data-vce-element-content=\"true\"><div><div data-vce-do-apply=\"border margin background el-1d00c71e\"><div data-vce-element-content=\"true\" data-vce-do-apply=\"padding el-1d00c71e\"><div><div data-vce-do-apply=\"all el-95e4e438\">\u00a0<\/div><\/div><\/div><\/div><\/div><\/div><\/div><\/div><\/div><footer><\/footer>\t\t\t\t\t\t<\/div>\n\t\t\t\t<\/div>\n\t\t\t\t\t<\/div>\n\t\t<\/div>\n\t\t\t\t<div class=\"elementor-column elementor-col-50 elementor-top-column elementor-element elementor-element-3a33be5\" data-id=\"3a33be5\" data-element_type=\"column\">\n\t\t\t<div class=\"elementor-widget-wrap elementor-element-populated\">\n\t\t\t\t\t\t\t\t<div class=\"elementor-element elementor-element-2a54e16 elementor-widget elementor-widget-text-editor\" data-id=\"2a54e16\" data-element_type=\"widget\" data-widget_type=\"text-editor.default\">\n\t\t\t\t<div class=\"elementor-widget-container\">\n\t\t\t\t\t\t\t<div>\n<div data-vce-boxed-width=\"true\">\n<div data-vce-do-apply=\"all el-bd7a5174\">\n<div data-vce-element-content=\"true\">\n<div>\n<div data-vce-do-apply=\"border margin background el-56cf107f\">\n<div data-vce-element-content=\"true\" data-vce-do-apply=\"padding el-56cf107f\">\n<div data-vce-do-apply=\"all el-653df836\">\n<div>\n<div><strong>K<\/strong><b>IM Armor Technologies INC.<\/b><\/div>\n<\/div>\n<div>&nbsp;<\/div>\n<p><strong>Adress<\/strong><\/p>\n<p>5360 NW 35th Ave. Fort Lauderdale FL, 33309<\/p><p><br><\/p>\n<\/div>\n<\/div>\n<\/div>\n<\/div>\n<\/div>\n<\/div>\n<\/div>\n<\/div>\n<div>\n<div data-vce-boxed-width=\"true\">\n<div data-vce-do-apply=\"all el-bd7a5174\">\n<div data-vce-element-content=\"true\">\n<div>\n<div data-vce-do-apply=\"border margin background el-56cf107f\">\n<div data-vce-element-content=\"true\" data-vce-do-apply=\"padding el-56cf107f\">\n<div data-vce-do-apply=\"all el-653df836\">\n<p><a style=\"font-family: Raleway; font-size: 16px;\" href=\"tel: 90 (352) 252 23 50\">&nbsp;<img decoding=\"async\" loading=\"lazy\" class=\"alignnone wp-image-1613\" src=\"https:\/\/www.kimteknoloji.com.tr\/wp-content\/uploads\/2023\/10\/Email_Shiny_Icon.svg_.png\" alt=\"\" width=\"30\" height=\"30\" srcset=\"https:\/\/www.kimteknoloji.com.tr\/wp-content\/uploads\/2023\/10\/Email_Shiny_Icon.svg_.png 1200w, https:\/\/www.kimteknoloji.com.tr\/wp-content\/uploads\/2023\/10\/Email_Shiny_Icon.svg_-300x300.png 300w, https:\/\/www.kimteknoloji.com.tr\/wp-content\/uploads\/2023\/10\/Email_Shiny_Icon.svg_-1024x1024.png 1024w, https:\/\/www.kimteknoloji.com.tr\/wp-content\/uploads\/2023\/10\/Email_Shiny_Icon.svg_-150x150.png 150w, https:\/\/www.kimteknoloji.com.tr\/wp-content\/uploads\/2023\/10\/Email_Shiny_Icon.svg_-768x768.png 768w, https:\/\/www.kimteknoloji.com.tr\/wp-content\/uploads\/2023\/10\/Email_Shiny_Icon.svg_-12x12.png 12w, https:\/\/www.kimteknoloji.com.tr\/wp-content\/uploads\/2023\/10\/Email_Shiny_Icon.svg_-270x270.png 270w, https:\/\/www.kimteknoloji.com.tr\/wp-content\/uploads\/2023\/10\/Email_Shiny_Icon.svg_-230x230.png 230w\" sizes=\"(max-width: 30px) 100vw, 30px\" \/> <\/a><a style=\"font-family: Raleway; font-size: 16px;\" href=\"tel: 90 (352) 252 23 50\">info@kimarmor.com<\/a><\/p>\n<p><a style=\"font-family: Raleway; font-size: 16px;\" href=\"tel: 90 (352) 252 23 50\">&nbsp;<img decoding=\"async\" loading=\"lazy\" class=\"alignnone wp-image-1615\" src=\"https:\/\/www.kimteknoloji.com.tr\/wp-content\/uploads\/2023\/10\/images.png\" alt=\"\" width=\"30\" height=\"30\" srcset=\"https:\/\/www.kimteknoloji.com.tr\/wp-content\/uploads\/2023\/10\/images.png 225w, https:\/\/www.kimteknoloji.com.tr\/wp-content\/uploads\/2023\/10\/images-150x150.png 150w, https:\/\/www.kimteknoloji.com.tr\/wp-content\/uploads\/2023\/10\/images-12x12.png 12w\" sizes=\"(max-width: 30px) 100vw, 30px\" \/><\/a>&nbsp; www.kimarmor.com<\/p>\n<p><span style=\"color: var( --e-global-color-primary ); font-family: Raleway;\">&nbsp; &nbsp; &nbsp; &nbsp; &nbsp; &nbsp;&nbsp;<\/span><\/p>\n<\/div>\n<\/div>\n<\/div>\n<\/div>\n<\/div>\n<\/div>\n<\/div>\n<div data-vce-boxed-width=\"true\">\n<div data-vce-do-apply=\"all el-9e6ab143\">\n<div data-vce-element-content=\"true\">\n<div>\n<div data-vce-do-apply=\"border margin background el-1d00c71e\">\n<div data-vce-element-content=\"true\" data-vce-do-apply=\"padding el-1d00c71e\">\n<div>\n<div data-vce-do-apply=\"all el-95e4e438\">&nbsp;<\/div>\n<div data-vce-do-apply=\"all el-95e4e438\">&nbsp;<\/div>\n<\/div>\n<\/div>\n<\/div>\n<\/div>\n<\/div>\n<\/div>\n<\/div>\n<\/div>\n<footer><\/footer>\t\t\t\t\t\t<\/div>\n\t\t\t\t<\/div>\n\t\t\t\t\t<\/div>\n\t\t<\/div>\n\t\t\t\t\t\t\t<\/div>\n\t\t<\/section>\n\t\t\t\t<section class=\"elementor-section elementor-top-section elementor-element elementor-element-4274b47 elementor-section-boxed elementor-section-height-default elementor-section-height-default\" data-id=\"4274b47\" data-element_type=\"section\">\n\t\t\t\t\t\t<div class=\"elementor-container elementor-column-gap-default\">\n\t\t\t\t\t<div class=\"elementor-column elementor-col-100 elementor-top-column elementor-element elementor-element-b2b9240\" data-id=\"b2b9240\" data-element_type=\"column\">\n\t\t\t<div class=\"elementor-widget-wrap elementor-element-populated\">\n\t\t\t\t\t\t\t\t<div class=\"elementor-element elementor-element-7d6924a elementor-widget__width-initial elementor-widget elementor-widget-text-editor\" data-id=\"7d6924a\" data-element_type=\"widget\" data-widget_type=\"text-editor.default\">\n\t\t\t\t<div class=\"elementor-widget-container\">\n\t\t\t\t\t\t\t<p><strong style=\"font-variant-ligatures: normal; font-variant-caps: normal; font-family: Raleway; font-size: 16px; font-style: normal; color: #143d70;\">Sat\u0131\u015f<\/strong><\/p><p><span style=\"color: #143d70; font-family: Raleway; font-size: 16px; font-style: normal; font-variant-ligatures: normal; font-variant-caps: normal; font-weight: 400;\">\u00a0<\/span><a style=\"font-variant-ligatures: normal; font-variant-caps: normal; font-family: Raleway; font-size: 16px; font-style: normal; font-weight: 400;\" href=\"mailto:sales@kimtechnologies.com.tr\">sales@kimtechnologies.com.tr<\/a><\/p><p>+90 (538) 688 55 88<\/p>\t\t\t\t\t\t<\/div>\n\t\t\t\t<\/div>\n\t\t\t\t<div class=\"elementor-element elementor-element-2476a91 elementor-widget__width-initial elementor-widget elementor-widget-text-editor\" data-id=\"2476a91\" data-element_type=\"widget\" data-widget_type=\"text-editor.default\">\n\t\t\t\t<div class=\"elementor-widget-container\">\n\t\t\t\t\t\t\t<p><strong style=\"font-variant-ligatures: normal; font-variant-caps: normal; font-family: Raleway; font-size: 16px; font-style: normal;\">Laboratory Services<\/strong><\/p><p><a style=\"font-variant-ligatures: normal; font-variant-caps: normal; font-family: Raleway; font-size: 16px; font-style: normal; font-weight: 400;\" href=\"mailto:lab-services@kimtechnologies.com.tr\">lab.services@kimtechnologies.com.tr<\/a><\/p><p>+90 (352) 252 23 63<\/p>\t\t\t\t\t\t<\/div>\n\t\t\t\t<\/div>\n\t\t\t\t<div class=\"elementor-element elementor-element-376e524 elementor-widget__width-initial elementor-widget elementor-widget-text-editor\" data-id=\"376e524\" data-element_type=\"widget\" data-widget_type=\"text-editor.default\">\n\t\t\t\t<div class=\"elementor-widget-container\">\n\t\t\t\t\t\t\t<p><strong>Muhasebe ve Finans<\/strong><\/p><p><strong>\u00a0<\/strong><a href=\"mailto:finance@kimtechnologies.com.tr\">finance@kimtechnologies.com.tr<\/a><\/p><p>+90 (352) 252 23 57<\/p>\t\t\t\t\t\t<\/div>\n\t\t\t\t<\/div>\n\t\t\t\t\t<\/div>\n\t\t<\/div>\n\t\t\t\t\t\t\t<\/div>\n\t\t<\/section>\n\t\t\t\t<section class=\"elementor-section elementor-top-section elementor-element elementor-element-742907e elementor-section-boxed elementor-section-height-default elementor-section-height-default\" data-id=\"742907e\" data-element_type=\"section\">\n\t\t\t\t\t\t<div class=\"elementor-container elementor-column-gap-default\">\n\t\t\t\t\t<div class=\"elementor-column elementor-col-100 elementor-top-column elementor-element elementor-element-ec07496\" data-id=\"ec07496\" data-element_type=\"column\">\n\t\t\t<div class=\"elementor-widget-wrap elementor-element-populated\">\n\t\t\t\t\t\t\t\t<div class=\"elementor-element elementor-element-3fca25f elementor-widget__width-initial elementor-widget elementor-widget-text-editor\" data-id=\"3fca25f\" data-element_type=\"widget\" data-widget_type=\"text-editor.default\">\n\t\t\t\t<div class=\"elementor-widget-container\">\n\t\t\t\t\t\t\t<p><strong>Tedarik<\/strong><\/p><p><a href=\"mailto:procurement@kimtechnologies.com.tr\">procurement@kimtechnologies.com.tr<\/a><\/p><p>+90 (352) 252 23 59<\/p>\t\t\t\t\t\t<\/div>\n\t\t\t\t<\/div>\n\t\t\t\t<div class=\"elementor-element elementor-element-e82db53 elementor-widget__width-initial elementor-widget elementor-widget-text-editor\" data-id=\"e82db53\" data-element_type=\"widget\" data-widget_type=\"text-editor.default\">\n\t\t\t\t<div class=\"elementor-widget-container\">\n\t\t\t\t\t\t\t<p><strong>\u0130nsan Kaynaklar\u0131<\/strong>\u00a0<\/p><p><a href=\"mailto:hr@kimtechnologies.com.tr\">hr@kimtechnologies.com.tr<\/a><\/p><p>+90 (531) 339 33 53\u00a0<\/p>\t\t\t\t\t\t<\/div>\n\t\t\t\t<\/div>\n\t\t\t\t<div class=\"elementor-element elementor-element-74339f6 elementor-widget__width-initial elementor-widget elementor-widget-text-editor\" data-id=\"74339f6\" data-element_type=\"widget\" data-widget_type=\"text-editor.default\">\n\t\t\t\t<div class=\"elementor-widget-container\">\n\t\t\t\t\t\t\t<p><strong>Sat\u0131\u015f Sonras\u0131<\/strong><\/p><p><a href=\"mailto:customercare@kimtechnologies.com.tr\">customercare@kimtechnologies.com.tr<\/a><\/p><p>+90 (352) 502 88 88<\/p>\t\t\t\t\t\t<\/div>\n\t\t\t\t<\/div>\n\t\t\t\t<div class=\"elementor-element elementor-element-0d55224 elementor-widget elementor-widget-text-editor\" data-id=\"0d55224\" data-element_type=\"widget\" data-widget_type=\"text-editor.default\">\n\t\t\t\t<div class=\"elementor-widget-container\">\n\t\t\t\t\t\t\t\t\t\t\t\t\t<\/div>\n\t\t\t\t<\/div>\n\t\t\t\t\t<\/div>\n\t\t<\/div>\n\t\t\t\t\t\t\t<\/div>\n\t\t<\/section>\n\t\t\t\t<section class=\"elementor-section elementor-top-section elementor-element elementor-element-09f8841 elementor-section-boxed elementor-section-height-default elementor-section-height-default\" data-id=\"09f8841\" data-element_type=\"section\">\n\t\t\t\t\t\t<div class=\"elementor-container elementor-column-gap-default\">\n\t\t\t\t\t<div class=\"elementor-column elementor-col-100 elementor-top-column elementor-element elementor-element-804e9a6\" data-id=\"804e9a6\" data-element_type=\"column\">\n\t\t\t<div class=\"elementor-widget-wrap elementor-element-populated\">\n\t\t\t\t\t\t\t\t<div class=\"elementor-element elementor-element-0074847 elementor-widget elementor-widget-google_maps\" data-id=\"0074847\" data-element_type=\"widget\" data-widget_type=\"google_maps.default\">\n\t\t\t\t<div class=\"elementor-widget-container\">\n\t\t\t\t\t<div class=\"elementor-custom-embed\">\n\t\t\t<iframe loading=\"lazy\"\n\t\t\t\t\tsrc=\"https:\/\/maps.google.com\/maps?q=Kim%20Teknoloji&#038;t=m&#038;z=10&#038;output=embed&#038;iwloc=near\"\n\t\t\t\t\ttitle=\"Kim Teknoloji\"\n\t\t\t\t\taria-label=\"Kim Teknoloji\"\n\t\t\t><\/iframe>\n\t\t<\/div>\n\t\t\t\t<\/div>\n\t\t\t\t<\/div>\n\t\t\t\t\t<\/div>\n\t\t<\/div>\n\t\t\t\t\t\t\t<\/div>\n\t\t<\/section>\n\t\t\t\t<section class=\"elementor-section elementor-top-section elementor-element elementor-element-1046c3b elementor-section-boxed elementor-section-height-default elementor-section-height-default\" data-id=\"1046c3b\" data-element_type=\"section\">\n\t\t\t\t\t\t<div class=\"elementor-container elementor-column-gap-default\">\n\t\t\t\t\t<div class=\"elementor-column elementor-col-100 elementor-top-column elementor-element elementor-element-02217af\" data-id=\"02217af\" data-element_type=\"column\">\n\t\t\t<div class=\"elementor-widget-wrap\">\n\t\t\t\t\t\t\t\t\t<\/div>\n\t\t<\/div>\n\t\t\t\t\t\t\t<\/div>\n\t\t<\/section>\n\t\t\t\t\t\t\t<\/div>","protected":false},"excerpt":{"rendered":"<p>\u0130leti\u015fim K\u0130M Kayseri \u0130leri Malzemeler Sanayi ve Teknoloji A.\u015e. Adres Kayseri Organize Sanayi B\u00f6lgesi, 18. Cadde, No: 44\/1, 38210,\u00a0 Hac\u0131lar \u2013 Kayseri \/ T\u00dcRK\u0130YE \u00a0 \u00a0 +90 (352) 252 23 50 \u00a0 +90 (352) 502 88 88 \u00a0 contact@kimtechnologies.com.tr\u00a0 \u00a0<\/p>","protected":false},"author":1,"featured_media":0,"parent":0,"menu_order":0,"comment_status":"closed","ping_status":"closed","template":"","meta":{"footnotes":""},"_links":{"self":[{"href":"https:\/\/www.kimteknoloji.com.tr\/en\/wp-json\/wp\/v2\/pages\/889"}],"collection":[{"href":"https:\/\/www.kimteknoloji.com.tr\/en\/wp-json\/wp\/v2\/pages"}],"about":[{"href":"https:\/\/www.kimteknoloji.com.tr\/en\/wp-json\/wp\/v2\/types\/page"}],"author":[{"embeddable":true,"href":"https:\/\/www.kimteknoloji.com.tr\/en\/wp-json\/wp\/v2\/users\/1"}],"replies":[{"embeddable":true,"href":"https:\/\/www.kimteknoloji.com.tr\/en\/wp-json\/wp\/v2\/comments?post=889"}],"version-history":[{"count":62,"href":"https:\/\/www.kimteknoloji.com.tr\/en\/wp-json\/wp\/v2\/pages\/889\/revisions"}],"predecessor-version":[{"id":1662,"href":"https:\/\/www.kimteknoloji.com.tr\/en\/wp-json\/wp\/v2\/pages\/889\/revisions\/1662"}],"wp:attachment":[{"href":"https:\/\/www.kimteknoloji.com.tr\/en\/wp-json\/wp\/v2\/media?parent=889"}],"curies":[{"name":"wp","href":"https:\/\/api.w.org\/{rel}","templated":true}]}}