{"id":878,"date":"2021-06-07T21:48:40","date_gmt":"2021-06-07T18:48:40","guid":{"rendered":"http:\/\/www.kimteknoloji.com.tr\/?page_id=878"},"modified":"2024-09-02T14:23:34","modified_gmt":"2024-09-02T11:23:34","slug":"staj","status":"publish","type":"page","link":"https:\/\/www.kimteknoloji.com.tr\/en\/staj\/","title":{"rendered":"Internship at KIM"},"content":{"rendered":"<div data-elementor-type=\"wp-page\" data-elementor-id=\"878\" class=\"elementor elementor-878\">\n\t\t\t\t\t\t\t\t\t<section class=\"elementor-section elementor-top-section elementor-element elementor-element-09e8c8a elementor-section-boxed elementor-section-height-default elementor-section-height-default\" data-id=\"09e8c8a\" data-element_type=\"section\">\n\t\t\t\t\t\t<div class=\"elementor-container elementor-column-gap-default\">\n\t\t\t\t\t<div class=\"elementor-column elementor-col-100 elementor-top-column elementor-element elementor-element-019b33c\" data-id=\"019b33c\" data-element_type=\"column\">\n\t\t\t<div class=\"elementor-widget-wrap elementor-element-populated\">\n\t\t\t\t\t\t\t\t<div class=\"elementor-element elementor-element-d7e3c3b elementor-widget elementor-widget-heading\" data-id=\"d7e3c3b\" data-element_type=\"widget\" data-widget_type=\"heading.default\">\n\t\t\t\t<div class=\"elementor-widget-container\">\n\t\t\t<h2 class=\"elementor-heading-title elementor-size-default\">Internship at KIM Technologies<\/h2>\t\t<\/div>\n\t\t\t\t<\/div>\n\t\t\t\t\t<\/div>\n\t\t<\/div>\n\t\t\t\t\t\t\t<\/div>\n\t\t<\/section>\n\t\t\t\t<section class=\"elementor-section elementor-top-section elementor-element elementor-element-6d97917 elementor-section-boxed elementor-section-height-default elementor-section-height-default\" data-id=\"6d97917\" data-element_type=\"section\">\n\t\t\t\t\t\t<div class=\"elementor-container elementor-column-gap-default\">\n\t\t\t\t\t<div class=\"elementor-column elementor-col-100 elementor-top-column elementor-element elementor-element-1f2bb14\" data-id=\"1f2bb14\" data-element_type=\"column\">\n\t\t\t<div class=\"elementor-widget-wrap elementor-element-populated\">\n\t\t\t\t\t\t\t\t<div class=\"elementor-element elementor-element-157d42c elementor-widget elementor-widget-text-editor\" data-id=\"157d42c\" data-element_type=\"widget\" data-widget_type=\"text-editor.default\">\n\t\t\t\t<div class=\"elementor-widget-container\">\n\t\t\t\t\t\t\t<p>As K\u0130M Technologies, we offer internship opportunities to young talents who want to put their theoretical knowledge into practice in business life during the summer period. If you want to have a productive internship period, apply to our internship program to have the chance to take a strong step in your career and get to know our company!<\/p><h2>Internship Programs<\/h2><ul><li>Compulsory Summer Internship<\/li><li>University\/Industry Cooperation Program Internship<\/li><\/ul><h2>Internship Applications Criteria<\/h2><ul><li>Being a university student<\/li><li>Insurance of student should be covered by the university<\/li><\/ul><h2>Departments Eligible for Internship Applications:<\/h2><ul><li>Mechanical Engineering<\/li><li>Metallurgical and Materials Engineering<\/li><li>Mechatronics Engineering<\/li><li>Electrical and Electronic Engineering<\/li><li>Industrial Engineering<\/li><li>Chemical Engineering<\/li><li>Textile Engineering<\/li><\/ul>\t\t\t\t\t\t<\/div>\n\t\t\t\t<\/div>\n\t\t\t\t\t<\/div>\n\t\t<\/div>\n\t\t\t\t\t\t\t<\/div>\n\t\t<\/section>\n\t\t\t\t\t\t\t<\/div>","protected":false},"excerpt":{"rendered":"<p>Kim Teknoloji&#8217;de Staj K\u0130M Teknoloji olarak yaz d\u00f6nemi boyunca teorik bilgisini i\u015f hayat\u0131nda prati\u011fe d\u00f6n\u00fc\u015ft\u00fcrmek isteyen gen\u00e7 yeteneklere staj imkan\u0131 sunmaktay\u0131z. Sen de verimli bir staj d\u00f6nemi ge\u00e7irmek istiyorsan, hem kariyerine g\u00fc\u00e7l\u00fc bir ad\u0131m atma hem de firmam\u0131z\u0131 tan\u0131ma \u015fans\u0131na<\/p>","protected":false},"author":1,"featured_media":0,"parent":0,"menu_order":0,"comment_status":"closed","ping_status":"closed","template":"","meta":{"footnotes":""},"_links":{"self":[{"href":"https:\/\/www.kimteknoloji.com.tr\/en\/wp-json\/wp\/v2\/pages\/878"}],"collection":[{"href":"https:\/\/www.kimteknoloji.com.tr\/en\/wp-json\/wp\/v2\/pages"}],"about":[{"href":"https:\/\/www.kimteknoloji.com.tr\/en\/wp-json\/wp\/v2\/types\/page"}],"author":[{"embeddable":true,"href":"https:\/\/www.kimteknoloji.com.tr\/en\/wp-json\/wp\/v2\/users\/1"}],"replies":[{"embeddable":true,"href":"https:\/\/www.kimteknoloji.com.tr\/en\/wp-json\/wp\/v2\/comments?post=878"}],"version-history":[{"count":23,"href":"https:\/\/www.kimteknoloji.com.tr\/en\/wp-json\/wp\/v2\/pages\/878\/revisions"}],"predecessor-version":[{"id":1679,"href":"https:\/\/www.kimteknoloji.com.tr\/en\/wp-json\/wp\/v2\/pages\/878\/revisions\/1679"}],"wp:attachment":[{"href":"https:\/\/www.kimteknoloji.com.tr\/en\/wp-json\/wp\/v2\/media?parent=878"}],"curies":[{"name":"wp","href":"https:\/\/api.w.org\/{rel}","templated":true}]}}