{"id":858,"date":"2021-06-07T21:17:04","date_gmt":"2021-06-07T18:17:04","guid":{"rendered":"http:\/\/www.kimteknoloji.com.tr\/?page_id=858"},"modified":"2021-07-29T16:26:46","modified_gmt":"2021-07-29T13:26:46","slug":"gelisim","status":"publish","type":"page","link":"https:\/\/www.kimteknoloji.com.tr\/en\/gelisim\/","title":{"rendered":"Development"},"content":{"rendered":"<div data-elementor-type=\"wp-page\" data-elementor-id=\"858\" class=\"elementor elementor-858\">\n\t\t\t\t\t\t\t\t\t<section class=\"elementor-section elementor-top-section elementor-element elementor-element-4a46bbe elementor-section-boxed elementor-section-height-default elementor-section-height-default\" data-id=\"4a46bbe\" data-element_type=\"section\">\n\t\t\t\t\t\t<div class=\"elementor-container elementor-column-gap-default\">\n\t\t\t\t\t<div class=\"elementor-column elementor-col-100 elementor-top-column elementor-element elementor-element-b99b19f\" data-id=\"b99b19f\" data-element_type=\"column\">\n\t\t\t<div class=\"elementor-widget-wrap elementor-element-populated\">\n\t\t\t\t\t\t\t\t<div class=\"elementor-element elementor-element-6f091d3 elementor-widget elementor-widget-heading\" data-id=\"6f091d3\" data-element_type=\"widget\" data-widget_type=\"heading.default\">\n\t\t\t\t<div class=\"elementor-widget-container\">\n\t\t\t<h2 class=\"elementor-heading-title elementor-size-default\">Development<\/h2>\t\t<\/div>\n\t\t\t\t<\/div>\n\t\t\t\t\t<\/div>\n\t\t<\/div>\n\t\t\t\t\t\t\t<\/div>\n\t\t<\/section>\n\t\t\t\t<section class=\"elementor-section elementor-top-section elementor-element elementor-element-0d50b1b elementor-section-boxed elementor-section-height-default elementor-section-height-default\" data-id=\"0d50b1b\" data-element_type=\"section\">\n\t\t\t\t\t\t<div class=\"elementor-container elementor-column-gap-default\">\n\t\t\t\t\t<div class=\"elementor-column elementor-col-100 elementor-top-column elementor-element elementor-element-fce77b3\" data-id=\"fce77b3\" data-element_type=\"column\">\n\t\t\t<div class=\"elementor-widget-wrap elementor-element-populated\">\n\t\t\t\t\t\t\t\t<div class=\"elementor-element elementor-element-e904fe3 elementor-widget elementor-widget-text-editor\" data-id=\"e904fe3\" data-element_type=\"widget\" data-widget_type=\"text-editor.default\">\n\t\t\t\t<div class=\"elementor-widget-container\">\n\t\t\t\t\t\t\t<p>As KIM Technologies, we care about the development of our employees. We support our employees in all respects with professional and personal training, and we expect them to produce successful business results by taking responsibility for achieving the right goals in their careers.<\/p>\t\t\t\t\t\t<\/div>\n\t\t\t\t<\/div>\n\t\t\t\t\t<\/div>\n\t\t<\/div>\n\t\t\t\t\t\t\t<\/div>\n\t\t<\/section>\n\t\t\t\t<section class=\"elementor-section elementor-top-section elementor-element elementor-element-ded8a17 elementor-section-content-space-around elementor-section-boxed elementor-section-height-default elementor-section-height-default\" data-id=\"ded8a17\" data-element_type=\"section\">\n\t\t\t\t\t\t<div class=\"elementor-container elementor-column-gap-default\">\n\t\t\t\t\t<div class=\"elementor-column elementor-col-50 elementor-top-column elementor-element elementor-element-93af24c\" data-id=\"93af24c\" data-element_type=\"column\">\n\t\t\t<div class=\"elementor-widget-wrap elementor-element-populated\">\n\t\t\t\t\t\t\t\t<div class=\"elementor-element elementor-element-abe43ef elementor-widget elementor-widget-text-editor\" data-id=\"abe43ef\" data-element_type=\"widget\" data-widget_type=\"text-editor.default\">\n\t\t\t\t<div class=\"elementor-widget-container\">\n\t\t\t\t\t\t\t<h2>Trainings<\/h2><table width=\"256\"><tbody><tr><td colspan=\"2\" width=\"160\">Per Person\u00a0<\/td><td width=\"96\">Contents<\/td><\/tr><tr><td>Monthly<\/td><td>50 Hours<\/td><td>12<\/td><\/tr><tr><td>Yearly<\/td><td>600 Hours\u00a0<\/td><td>145<\/td><\/tr><\/tbody><\/table><h2>Sosyal Yan Haklar<\/h2><ul><li><span style=\"font-size: 16px;\">Master-PhD Degree Support<\/span><\/li><li>Flexible working hours<\/li><\/ul>\t\t\t\t\t\t<\/div>\n\t\t\t\t<\/div>\n\t\t\t\t\t<\/div>\n\t\t<\/div>\n\t\t\t\t<div class=\"elementor-column elementor-col-50 elementor-top-column elementor-element elementor-element-4242ea1\" data-id=\"4242ea1\" data-element_type=\"column\">\n\t\t\t<div class=\"elementor-widget-wrap elementor-element-populated\">\n\t\t\t\t\t\t\t\t<div class=\"elementor-element elementor-element-4bb5df0 elementor-widget elementor-widget-image\" data-id=\"4bb5df0\" data-element_type=\"widget\" data-widget_type=\"image.default\">\n\t\t\t\t<div class=\"elementor-widget-container\">\n\t\t\t\t\t\t\t\t\t\t\t\t\t\t\t<img decoding=\"async\" src=\"https:\/\/www.kimteknoloji.com.tr\/wp-content\/uploads\/elementor\/thumbs\/gelisim-qccziccouswpt823z5t3jyv6gbu85xydpm0qgdkejk.png\" title=\"gelisim\" alt=\"gelisim\" loading=\"lazy\" \/>\t\t\t\t\t\t\t\t\t\t\t\t\t\t\t<\/div>\n\t\t\t\t<\/div>\n\t\t\t\t\t<\/div>\n\t\t<\/div>\n\t\t\t\t\t\t\t<\/div>\n\t\t<\/section>\n\t\t\t\t\t\t\t<\/div>","protected":false},"excerpt":{"rendered":"<p>Geli\u015fim K\u0130M Teknoloji olarak \u00e7al\u0131\u015fanlar\u0131m\u0131z\u0131n geli\u015fimini \u00f6nemsiyoruz.Mesleki ve ki\u015fisel e\u011fitimlerle her a\u00e7\u0131dan \u00e7al\u0131\u015fanlar\u0131m\u0131z\u0131 destekliyoruz ve kariyerlerinde do\u011fru hedeflere ula\u015fmalar\u0131 i\u00e7in sorumluluk alarak ba\u015far\u0131l\u0131 i\u015f sonu\u00e7lar\u0131 ortaya koymalar\u0131n\u0131 bekiyoruz. E\u011fitimlerimiz Ki\u015fi Ba\u015f\u0131\u00a0 E\u011fitim Konular\u0131 Ayl\u0131k 50 Saat 12 Y\u0131ll\u0131k 600 Saat\u00a0<\/p>","protected":false},"author":1,"featured_media":0,"parent":0,"menu_order":0,"comment_status":"closed","ping_status":"closed","template":"","meta":{"footnotes":""},"_links":{"self":[{"href":"https:\/\/www.kimteknoloji.com.tr\/en\/wp-json\/wp\/v2\/pages\/858"}],"collection":[{"href":"https:\/\/www.kimteknoloji.com.tr\/en\/wp-json\/wp\/v2\/pages"}],"about":[{"href":"https:\/\/www.kimteknoloji.com.tr\/en\/wp-json\/wp\/v2\/types\/page"}],"author":[{"embeddable":true,"href":"https:\/\/www.kimteknoloji.com.tr\/en\/wp-json\/wp\/v2\/users\/1"}],"replies":[{"embeddable":true,"href":"https:\/\/www.kimteknoloji.com.tr\/en\/wp-json\/wp\/v2\/comments?post=858"}],"version-history":[{"count":14,"href":"https:\/\/www.kimteknoloji.com.tr\/en\/wp-json\/wp\/v2\/pages\/858\/revisions"}],"predecessor-version":[{"id":1187,"href":"https:\/\/www.kimteknoloji.com.tr\/en\/wp-json\/wp\/v2\/pages\/858\/revisions\/1187"}],"wp:attachment":[{"href":"https:\/\/www.kimteknoloji.com.tr\/en\/wp-json\/wp\/v2\/media?parent=858"}],"curies":[{"name":"wp","href":"https:\/\/api.w.org\/{rel}","templated":true}]}}