{"id":849,"date":"2021-06-07T21:08:20","date_gmt":"2021-06-07T18:08:20","guid":{"rendered":"http:\/\/www.kimteknoloji.com.tr\/?page_id=849"},"modified":"2021-06-13T08:07:13","modified_gmt":"2021-06-13T05:07:13","slug":"sosyal-sorumluluklarimiz","status":"publish","type":"page","link":"https:\/\/www.kimteknoloji.com.tr\/en\/sosyal-sorumluluklarimiz\/","title":{"rendered":"Social Responsibilities"},"content":{"rendered":"<div data-elementor-type=\"wp-page\" data-elementor-id=\"849\" class=\"elementor elementor-849\">\n\t\t\t\t\t\t\t\t\t<section class=\"elementor-section elementor-top-section elementor-element elementor-element-38d0937 elementor-section-boxed elementor-section-height-default elementor-section-height-default\" data-id=\"38d0937\" data-element_type=\"section\">\n\t\t\t\t\t\t<div class=\"elementor-container elementor-column-gap-default\">\n\t\t\t\t\t<div class=\"elementor-column elementor-col-100 elementor-top-column elementor-element elementor-element-6a4a1d4\" data-id=\"6a4a1d4\" data-element_type=\"column\">\n\t\t\t<div class=\"elementor-widget-wrap elementor-element-populated\">\n\t\t\t\t\t\t\t\t<div class=\"elementor-element elementor-element-2755bae elementor-widget elementor-widget-heading\" data-id=\"2755bae\" data-element_type=\"widget\" data-widget_type=\"heading.default\">\n\t\t\t\t<div class=\"elementor-widget-container\">\n\t\t\t<h2 class=\"elementor-heading-title elementor-size-default\">Social Responsibilities<\/h2>\t\t<\/div>\n\t\t\t\t<\/div>\n\t\t\t\t\t<\/div>\n\t\t<\/div>\n\t\t\t\t\t\t\t<\/div>\n\t\t<\/section>\n\t\t\t\t<section class=\"elementor-section elementor-top-section elementor-element elementor-element-49f15a0 elementor-section-boxed elementor-section-height-default elementor-section-height-default\" data-id=\"49f15a0\" data-element_type=\"section\">\n\t\t\t\t\t\t<div class=\"elementor-container elementor-column-gap-default\">\n\t\t\t\t\t<div class=\"elementor-column elementor-col-100 elementor-top-column elementor-element elementor-element-0122d2d\" data-id=\"0122d2d\" data-element_type=\"column\">\n\t\t\t<div class=\"elementor-widget-wrap elementor-element-populated\">\n\t\t\t\t\t\t\t\t<div class=\"elementor-element elementor-element-52f6266 elementor-widget elementor-widget-image\" data-id=\"52f6266\" data-element_type=\"widget\" data-widget_type=\"image.default\">\n\t\t\t\t<div class=\"elementor-widget-container\">\n\t\t\t\t\t\t\t\t\t\t\t\t\t\t\t<img decoding=\"async\" src=\"https:\/\/www.kimteknoloji.com.tr\/wp-content\/uploads\/elementor\/thumbs\/sosyal-sorumluluklarimiz-qcczjd0n9v7qfvaha15jqi1y2d0avo6akn94norq2g.png\" title=\"\" alt=\"\" loading=\"lazy\" \/>\t\t\t\t\t\t\t\t\t\t\t\t\t\t\t<\/div>\n\t\t\t\t<\/div>\n\t\t\t\t\t<\/div>\n\t\t<\/div>\n\t\t\t\t\t\t\t<\/div>\n\t\t<\/section>\n\t\t\t\t<section class=\"elementor-section elementor-top-section elementor-element elementor-element-570c1bf elementor-section-boxed elementor-section-height-default elementor-section-height-default\" data-id=\"570c1bf\" data-element_type=\"section\">\n\t\t\t\t\t\t<div class=\"elementor-container elementor-column-gap-default\">\n\t\t\t\t\t<div class=\"elementor-column elementor-col-100 elementor-top-column elementor-element elementor-element-b840c64\" data-id=\"b840c64\" data-element_type=\"column\">\n\t\t\t<div class=\"elementor-widget-wrap elementor-element-populated\">\n\t\t\t\t\t\t\t\t<div class=\"elementor-element elementor-element-5346897 elementor-widget elementor-widget-text-editor\" data-id=\"5346897\" data-element_type=\"widget\" data-widget_type=\"text-editor.default\">\n\t\t\t\t<div class=\"elementor-widget-container\">\n\t\t\t\t\t\t\t<p><span style=\"font-size: 12.0pt;\">K\u0130M Teknoloji A.\u015e. has made it its primary goal in a multidimensional manner to make maximum contribution to the economic dynamics, social environment, and cultural texture of the city where it is located. In this sense, it focuses on a working discipline that respects the environment, a business approach that values and educates employees, initiatives to ensure cultural continuity, and programs to support local arts and artists.<\/span><\/p>\t\t\t\t\t\t<\/div>\n\t\t\t\t<\/div>\n\t\t\t\t\t<\/div>\n\t\t<\/div>\n\t\t\t\t\t\t\t<\/div>\n\t\t<\/section>\n\t\t\t\t\t\t\t<\/div>","protected":false},"excerpt":{"rendered":"<p>Sosyal Sorumluluklar\u0131m\u0131z K\u0130M Teknoloji A.\u015e. \u00e7ok boyutlu olarak bulundu\u011fu \u015fehrin ekonomik dinamiklerine, sosyal \u00e7evresine ve k\u00fclt\u00fcr dokusuna azami katk\u0131 vermeyi \u00f6ncelikli hedefi haline getirmi\u015ftir. Bu anlamda \u00e7evreye sayg\u0131l\u0131 \u00e7al\u0131\u015fma disiplinine, \u00e7al\u0131\u015fana de\u011fer veren ve s\u00fcrekli e\u011fiten i\u015f anlay\u0131\u015f\u0131na, k\u00fclt\u00fcrel s\u00fcreklili\u011fi<\/p>","protected":false},"author":1,"featured_media":0,"parent":0,"menu_order":0,"comment_status":"closed","ping_status":"closed","template":"","meta":{"footnotes":""},"_links":{"self":[{"href":"https:\/\/www.kimteknoloji.com.tr\/en\/wp-json\/wp\/v2\/pages\/849"}],"collection":[{"href":"https:\/\/www.kimteknoloji.com.tr\/en\/wp-json\/wp\/v2\/pages"}],"about":[{"href":"https:\/\/www.kimteknoloji.com.tr\/en\/wp-json\/wp\/v2\/types\/page"}],"author":[{"embeddable":true,"href":"https:\/\/www.kimteknoloji.com.tr\/en\/wp-json\/wp\/v2\/users\/1"}],"replies":[{"embeddable":true,"href":"https:\/\/www.kimteknoloji.com.tr\/en\/wp-json\/wp\/v2\/comments?post=849"}],"version-history":[{"count":8,"href":"https:\/\/www.kimteknoloji.com.tr\/en\/wp-json\/wp\/v2\/pages\/849\/revisions"}],"predecessor-version":[{"id":1022,"href":"https:\/\/www.kimteknoloji.com.tr\/en\/wp-json\/wp\/v2\/pages\/849\/revisions\/1022"}],"wp:attachment":[{"href":"https:\/\/www.kimteknoloji.com.tr\/en\/wp-json\/wp\/v2\/media?parent=849"}],"curies":[{"name":"wp","href":"https:\/\/api.w.org\/{rel}","templated":true}]}}