{"id":841,"date":"2021-06-07T21:00:41","date_gmt":"2021-06-07T18:00:41","guid":{"rendered":"http:\/\/www.kimteknoloji.com.tr\/?page_id=841"},"modified":"2021-07-29T17:38:21","modified_gmt":"2021-07-29T14:38:21","slug":"kurumsal","status":"publish","type":"page","link":"https:\/\/www.kimteknoloji.com.tr\/en\/kurumsal\/","title":{"rendered":"About Us"},"content":{"rendered":"<div data-elementor-type=\"wp-page\" data-elementor-id=\"841\" class=\"elementor elementor-841\">\n\t\t\t\t\t\t\t\t\t<section class=\"elementor-section elementor-top-section elementor-element elementor-element-710e5d1 elementor-section-boxed elementor-section-height-default elementor-section-height-default\" data-id=\"710e5d1\" data-element_type=\"section\">\n\t\t\t\t\t\t<div class=\"elementor-container elementor-column-gap-default\">\n\t\t\t\t\t<div class=\"elementor-column elementor-col-100 elementor-top-column elementor-element elementor-element-ed31a65\" data-id=\"ed31a65\" data-element_type=\"column\">\n\t\t\t<div class=\"elementor-widget-wrap elementor-element-populated\">\n\t\t\t\t\t\t\t\t<div class=\"elementor-element elementor-element-034acd3 elementor-widget elementor-widget-heading\" data-id=\"034acd3\" data-element_type=\"widget\" data-widget_type=\"heading.default\">\n\t\t\t\t<div class=\"elementor-widget-container\">\n\t\t\t<h2 class=\"elementor-heading-title elementor-size-default\">Who Are We?<\/h2>\t\t<\/div>\n\t\t\t\t<\/div>\n\t\t\t\t\t<\/div>\n\t\t<\/div>\n\t\t\t\t\t\t\t<\/div>\n\t\t<\/section>\n\t\t\t\t<section class=\"elementor-section elementor-top-section elementor-element elementor-element-34ba07b elementor-section-boxed elementor-section-height-default elementor-section-height-default\" data-id=\"34ba07b\" data-element_type=\"section\">\n\t\t\t\t\t\t<div class=\"elementor-container elementor-column-gap-default\">\n\t\t\t\t\t<div class=\"elementor-column elementor-col-100 elementor-top-column elementor-element elementor-element-ea6e2db\" data-id=\"ea6e2db\" data-element_type=\"column\">\n\t\t\t<div class=\"elementor-widget-wrap elementor-element-populated\">\n\t\t\t\t\t\t\t\t<div class=\"elementor-element elementor-element-fd45704 elementor-widget elementor-widget-text-editor\" data-id=\"fd45704\" data-element_type=\"widget\" data-widget_type=\"text-editor.default\">\n\t\t\t\t<div class=\"elementor-widget-container\">\n\t\t\t\t\t\t\t<p><span style=\"font-size: 12.0pt;\">Our company was established in 2019, under the leadership of Kayseri Chamber of Commerce and Kayseri Chamber of Industry, with the participation of many investors from Kayseri, to become an international company that produces for the application areas of advanced materials and offers high value-added products.<\/span><\/p><p><span style=\"font-size: 12.0pt;\">Our company aims to bring together a new vision, technology-based growth model and traditional approach to inspire the region and establish a sustainable business based on intensive research activities.<\/span><\/p><p><span style=\"font-size: 12.0pt;\">The company's primary core technology is based on advanced ceramic technology and nanotechnology, which provides solutions for various industries such as defense, energy, transportation, healthcare, and mining.<\/span><\/p>\t\t\t\t\t\t<\/div>\n\t\t\t\t<\/div>\n\t\t\t\t\t<\/div>\n\t\t<\/div>\n\t\t\t\t\t\t\t<\/div>\n\t\t<\/section>\n\t\t\t\t<section class=\"elementor-section elementor-top-section elementor-element elementor-element-0a8ce43 elementor-section-boxed elementor-section-height-default elementor-section-height-default\" data-id=\"0a8ce43\" data-element_type=\"section\">\n\t\t\t\t\t\t<div class=\"elementor-container elementor-column-gap-default\">\n\t\t\t\t\t<div class=\"elementor-column elementor-col-100 elementor-top-column elementor-element elementor-element-841992e\" data-id=\"841992e\" data-element_type=\"column\">\n\t\t\t<div class=\"elementor-widget-wrap elementor-element-populated\">\n\t\t\t\t\t\t\t\t<div class=\"elementor-element elementor-element-1d6a612 animated-slow elementor-widget elementor-widget-text-editor\" data-id=\"1d6a612\" data-element_type=\"widget\" data-settings=\"{&quot;_animation&quot;:&quot;none&quot;}\" data-widget_type=\"text-editor.default\">\n\t\t\t\t<div class=\"elementor-widget-container\">\n\t\t\t\t\t\t\t<p><strong>Mission: <\/strong>Designing and producing materials which requires high technology like in personnel and vehicle protection, aviation, mining, environment, health, and energy sectors in accordance with legal regulations, national and internationally accepted standards.<\/p>\t\t\t\t\t\t<\/div>\n\t\t\t\t<\/div>\n\t\t\t\t\t<\/div>\n\t\t<\/div>\n\t\t\t\t\t\t\t<\/div>\n\t\t<\/section>\n\t\t\t\t<section class=\"elementor-section elementor-top-section elementor-element elementor-element-822f917 elementor-section-boxed elementor-section-height-default elementor-section-height-default\" data-id=\"822f917\" data-element_type=\"section\">\n\t\t\t\t\t\t<div class=\"elementor-container elementor-column-gap-default\">\n\t\t\t\t\t<div class=\"elementor-column elementor-col-100 elementor-top-column elementor-element elementor-element-f8e605d\" data-id=\"f8e605d\" data-element_type=\"column\">\n\t\t\t<div class=\"elementor-widget-wrap elementor-element-populated\">\n\t\t\t\t\t\t\t\t<div class=\"elementor-element elementor-element-f7daf71 elementor-widget elementor-widget-text-editor\" data-id=\"f7daf71\" data-element_type=\"widget\" data-widget_type=\"text-editor.default\">\n\t\t\t\t<div class=\"elementor-widget-container\">\n\t\t\t\t\t\t\t<p><strong>Vision: <\/strong>\u00a0To offer solutions to the important problems of the 21st century with our unique materials.<\/p>\t\t\t\t\t\t<\/div>\n\t\t\t\t<\/div>\n\t\t\t\t\t<\/div>\n\t\t<\/div>\n\t\t\t\t\t\t\t<\/div>\n\t\t<\/section>\n\t\t\t\t<section class=\"elementor-section elementor-top-section elementor-element elementor-element-166bc79 elementor-section-boxed elementor-section-height-default elementor-section-height-default\" data-id=\"166bc79\" data-element_type=\"section\">\n\t\t\t\t\t\t<div class=\"elementor-container elementor-column-gap-default\">\n\t\t\t\t\t<div class=\"elementor-column elementor-col-100 elementor-top-column elementor-element elementor-element-5fb6cec\" data-id=\"5fb6cec\" data-element_type=\"column\">\n\t\t\t<div class=\"elementor-widget-wrap elementor-element-populated\">\n\t\t\t\t\t\t\t\t<div class=\"elementor-element elementor-element-6ab3824 elementor-widget elementor-widget-text-editor\" data-id=\"6ab3824\" data-element_type=\"widget\" data-widget_type=\"text-editor.default\">\n\t\t\t\t<div class=\"elementor-widget-container\">\n\t\t\t\t\t\t\t<h2>Our Ethical Principles<\/h2><p><span style=\"font-size: 12.0pt;\">K\u0130M Kayseri Advanced Materials Industry and Technology Inc. adopts as a principle to behave in accordance with business ethics in all business processes and relations with its partners. Respect, honesty, reliability, and transparency are at the forefront in relations with all partners, and an impartial and fair approach is displayed.<\/span><\/p><p><span style=\"font-size: 12.0pt;\">Company employees are supported to fulfill their responsibilities with high efficiency and to be participatory by adhering to our ethical principles and company values.<\/span><\/p><p><span style=\"font-size: 12.0pt;\">High importance is given to Occupational Health and Safety.<\/span><\/p>\t\t\t\t\t\t<\/div>\n\t\t\t\t<\/div>\n\t\t\t\t\t<\/div>\n\t\t<\/div>\n\t\t\t\t\t\t\t<\/div>\n\t\t<\/section>\n\t\t\t\t\t\t\t<\/div>","protected":false},"excerpt":{"rendered":"<p>Biz K\u0130M&#8217;iz K\u0130M Teknoloji A.\u015e. 2019 y\u0131l\u0131nda Kayseri Ticaret Odas\u0131 ve Kayseri Sanayi Odas\u0131\u2019n\u0131n \u00f6nc\u00fcl\u00fc\u011f\u00fcnde Kayseri\u2019den \u00e7ok say\u0131da yat\u0131r\u0131mc\u0131n\u0131n kat\u0131l\u0131m\u0131yla ileri malzemelerin uygulama alanlar\u0131na y\u00f6nelik \u00fcretim yapan ve y\u00fcksek katma de\u011ferli \u00fcr\u00fcnler sunan uluslararas\u0131 bir firma olmak amac\u0131yla kurulmu\u015ftur. Firmam\u0131z<\/p>","protected":false},"author":1,"featured_media":0,"parent":0,"menu_order":0,"comment_status":"closed","ping_status":"closed","template":"","meta":{"footnotes":""},"_links":{"self":[{"href":"https:\/\/www.kimteknoloji.com.tr\/en\/wp-json\/wp\/v2\/pages\/841"}],"collection":[{"href":"https:\/\/www.kimteknoloji.com.tr\/en\/wp-json\/wp\/v2\/pages"}],"about":[{"href":"https:\/\/www.kimteknoloji.com.tr\/en\/wp-json\/wp\/v2\/types\/page"}],"author":[{"embeddable":true,"href":"https:\/\/www.kimteknoloji.com.tr\/en\/wp-json\/wp\/v2\/users\/1"}],"replies":[{"embeddable":true,"href":"https:\/\/www.kimteknoloji.com.tr\/en\/wp-json\/wp\/v2\/comments?post=841"}],"version-history":[{"count":11,"href":"https:\/\/www.kimteknoloji.com.tr\/en\/wp-json\/wp\/v2\/pages\/841\/revisions"}],"predecessor-version":[{"id":1192,"href":"https:\/\/www.kimteknoloji.com.tr\/en\/wp-json\/wp\/v2\/pages\/841\/revisions\/1192"}],"wp:attachment":[{"href":"https:\/\/www.kimteknoloji.com.tr\/en\/wp-json\/wp\/v2\/media?parent=841"}],"curies":[{"name":"wp","href":"https:\/\/api.w.org\/{rel}","templated":true}]}}