{"id":830,"date":"2021-06-07T20:55:29","date_gmt":"2021-06-07T17:55:29","guid":{"rendered":"http:\/\/www.kimteknoloji.com.tr\/?page_id=830"},"modified":"2022-01-13T21:33:24","modified_gmt":"2022-01-13T18:33:24","slug":"cevresel-test-laboratuvari","status":"publish","type":"page","link":"https:\/\/www.kimteknoloji.com.tr\/en\/cevresel-test-laboratuvari\/","title":{"rendered":"Environmental Testing Laboratory"},"content":{"rendered":"<div data-elementor-type=\"wp-page\" data-elementor-id=\"830\" class=\"elementor elementor-830\">\n\t\t\t\t\t\t\t\t\t<section class=\"elementor-section elementor-top-section elementor-element elementor-element-b9392af elementor-section-boxed elementor-section-height-default elementor-section-height-default\" data-id=\"b9392af\" data-element_type=\"section\">\n\t\t\t\t\t\t<div class=\"elementor-container elementor-column-gap-default\">\n\t\t\t\t\t<div class=\"elementor-column elementor-col-100 elementor-top-column elementor-element elementor-element-c4efa54\" data-id=\"c4efa54\" data-element_type=\"column\">\n\t\t\t<div class=\"elementor-widget-wrap elementor-element-populated\">\n\t\t\t\t\t\t\t\t<div class=\"elementor-element elementor-element-5f381a4 elementor-widget elementor-widget-heading\" data-id=\"5f381a4\" data-element_type=\"widget\" data-widget_type=\"heading.default\">\n\t\t\t\t<div class=\"elementor-widget-container\">\n\t\t\t<h2 class=\"elementor-heading-title elementor-size-default\">Environmental Testing Laboratory<\/h2>\t\t<\/div>\n\t\t\t\t<\/div>\n\t\t\t\t\t<\/div>\n\t\t<\/div>\n\t\t\t\t\t\t\t<\/div>\n\t\t<\/section>\n\t\t\t\t<section class=\"elementor-section elementor-top-section elementor-element elementor-element-058cda9 elementor-section-boxed elementor-section-height-default elementor-section-height-default\" data-id=\"058cda9\" data-element_type=\"section\">\n\t\t\t\t\t\t<div class=\"elementor-container elementor-column-gap-default\">\n\t\t\t\t\t<div class=\"elementor-column elementor-col-100 elementor-top-column elementor-element elementor-element-4b50a44\" data-id=\"4b50a44\" data-element_type=\"column\">\n\t\t\t<div class=\"elementor-widget-wrap elementor-element-populated\">\n\t\t\t\t\t\t\t\t<div class=\"elementor-element elementor-element-26204cd elementor-widget elementor-widget-text-editor\" data-id=\"26204cd\" data-element_type=\"widget\" data-widget_type=\"text-editor.default\">\n\t\t\t\t<div class=\"elementor-widget-container\">\n\t\t\t\t\t\t\t<p><span style=\"font-size: 12.0pt;\">We have an environmental test laboratory to determine the resistance of materials to natural environmental conditions that they may encounter during their lifetime. With our temperature, humidity and temperature shock tests, the resistance of the material to high and low temperature, humidity and temperature shock is determined and reported.<\/span><\/p><p><span style=\"font-size: 12.0pt;\">Tests in accordance with the following standards can be performed in our organization;<\/span><\/p>\t\t\t\t\t\t<\/div>\n\t\t\t\t<\/div>\n\t\t\t\t\t<\/div>\n\t\t<\/div>\n\t\t\t\t\t\t\t<\/div>\n\t\t<\/section>\n\t\t\t\t<section class=\"elementor-section elementor-top-section elementor-element elementor-element-04c96bc elementor-section-boxed elementor-section-height-default elementor-section-height-default\" data-id=\"04c96bc\" data-element_type=\"section\">\n\t\t\t\t\t\t<div class=\"elementor-container elementor-column-gap-default\">\n\t\t\t\t\t<div class=\"elementor-column elementor-col-33 elementor-top-column elementor-element elementor-element-0a319ee\" data-id=\"0a319ee\" data-element_type=\"column\">\n\t\t\t<div class=\"elementor-widget-wrap elementor-element-populated\">\n\t\t\t\t\t\t\t\t<div class=\"elementor-element elementor-element-bf392f3 elementor-widget elementor-widget-text-editor\" data-id=\"bf392f3\" data-element_type=\"widget\" data-widget_type=\"text-editor.default\">\n\t\t\t\t<div class=\"elementor-widget-container\">\n\t\t\t\t\t\t\t<h2>Low Temperature Tests<\/h2><ul><li>IEC 60068-2-1, Test A<\/li><li>ISO 16750-4, Low temperature test<\/li><li>ETSI EN 300019-2-4, Test Ab\/Ad<\/li><li>MIL-STD-810 G, Meth. 502.5<\/li><li>JESD22-A119<\/li><\/ul>\t\t\t\t\t\t<\/div>\n\t\t\t\t<\/div>\n\t\t\t\t\t<\/div>\n\t\t<\/div>\n\t\t\t\t<div class=\"elementor-column elementor-col-33 elementor-top-column elementor-element elementor-element-1cf7242\" data-id=\"1cf7242\" data-element_type=\"column\">\n\t\t\t<div class=\"elementor-widget-wrap elementor-element-populated\">\n\t\t\t\t\t\t\t\t<div class=\"elementor-element elementor-element-1ea8de2 elementor-widget elementor-widget-text-editor\" data-id=\"1ea8de2\" data-element_type=\"widget\" data-widget_type=\"text-editor.default\">\n\t\t\t\t<div class=\"elementor-widget-container\">\n\t\t\t\t\t\t\t<h2>High Temperature Tests<\/h2><ul><li>IEC 60068-2-2, Test B<\/li><li>ISO 16750-4, High-temperature test<\/li><li>ETSI EN 300019-2-4, Test\u00a0 Bb\/Bd<\/li><li>MIL-STD-202 G, Meth. 108A<\/li><li>MIL-STD-810 G, Meth. 501.5<\/li><li>MIL-STD-883 J, Meth. 1008.2<\/li><li>JESD22-A103D<\/li><\/ul>\t\t\t\t\t\t<\/div>\n\t\t\t\t<\/div>\n\t\t\t\t\t<\/div>\n\t\t<\/div>\n\t\t\t\t<div class=\"elementor-column elementor-col-33 elementor-top-column elementor-element elementor-element-3fc42a5\" data-id=\"3fc42a5\" data-element_type=\"column\">\n\t\t\t<div class=\"elementor-widget-wrap elementor-element-populated\">\n\t\t\t\t\t\t\t\t<div class=\"elementor-element elementor-element-6033caf elementor-widget elementor-widget-text-editor\" data-id=\"6033caf\" data-element_type=\"widget\" data-widget_type=\"text-editor.default\">\n\t\t\t\t<div class=\"elementor-widget-container\">\n\t\t\t\t\t\t\t<h2>Variable Heat Tests<\/h2><ul><li>IEC 60068-2-14, Test Nb<\/li><li>ISO 16750-4, Temp. steps<\/li><li>ISO 16750-4, Temp. cycling<\/li><li>ETSI EN 300019-2-4, Test Nb<\/li><li>MIL-STD-331 C, Test C6<\/li><\/ul>\t\t\t\t\t\t<\/div>\n\t\t\t\t<\/div>\n\t\t\t\t\t<\/div>\n\t\t<\/div>\n\t\t\t\t\t\t\t<\/div>\n\t\t<\/section>\n\t\t\t\t<section class=\"elementor-section elementor-top-section elementor-element elementor-element-f6cb1e4 elementor-section-boxed elementor-section-height-default elementor-section-height-default\" data-id=\"f6cb1e4\" data-element_type=\"section\">\n\t\t\t\t\t\t<div class=\"elementor-container elementor-column-gap-default\">\n\t\t\t\t\t<div class=\"elementor-column elementor-col-33 elementor-top-column elementor-element elementor-element-dbe11da\" data-id=\"dbe11da\" data-element_type=\"column\">\n\t\t\t<div class=\"elementor-widget-wrap elementor-element-populated\">\n\t\t\t\t\t\t\t\t<div class=\"elementor-element elementor-element-e2c4b57 elementor-widget elementor-widget-text-editor\" data-id=\"e2c4b57\" data-element_type=\"widget\" data-widget_type=\"text-editor.default\">\n\t\t\t\t<div class=\"elementor-widget-container\">\n\t\t\t\t\t\t\t<h2>In Variable Climates<\/h2><ul><li>IEC 60068-2-30, Test Db, Var. 1<\/li><li>IEC 60068-2-30, Test Db, Var. 2<\/li><li>IEC 60068-2-38<\/li><li>ISO 16750-4, Damp heat cyclic<\/li><li>ISO 16750-4, Temp\/Humid, cyclic<\/li><li>ETSI EN 300019-2-4, Test Db<\/li><li>VG 95210, Blatt 7, Meth. 106C<\/li><li>MIL-STD-202 G, Meth. 106D<\/li><li>MIL-STD-331 C, Test C1<\/li><li>MIL-STD-750-1, Change 3<\/li><li>MIL-STD-810 G, Meth. 507.5<\/li><li>MIL-STD-883 J, Meth. 1004.7<\/li><li>JESD22-A100D<\/li><\/ul>\t\t\t\t\t\t<\/div>\n\t\t\t\t<\/div>\n\t\t\t\t\t<\/div>\n\t\t<\/div>\n\t\t\t\t<div class=\"elementor-column elementor-col-33 elementor-top-column elementor-element elementor-element-b3fed93\" data-id=\"b3fed93\" data-element_type=\"column\">\n\t\t\t<div class=\"elementor-widget-wrap elementor-element-populated\">\n\t\t\t\t\t\t\t\t<div class=\"elementor-element elementor-element-089b0e7 elementor-widget elementor-widget-text-editor\" data-id=\"089b0e7\" data-element_type=\"widget\" data-widget_type=\"text-editor.default\">\n\t\t\t\t<div class=\"elementor-widget-container\">\n\t\t\t\t\t\t\t<h2>In Stable Climates<\/h2><ul><li>IEC 60068-2-67<\/li><li>IEC 60068-2-78<\/li><li>ISO 16750-4, Damp heat steady<\/li><li>ETSI EN 300019-2-4, Test Cab<\/li><li>MIL-STD-202 G, Meth. 103B<\/li><li>JESD22-A101C<\/li><\/ul>\t\t\t\t\t\t<\/div>\n\t\t\t\t<\/div>\n\t\t\t\t\t<\/div>\n\t\t<\/div>\n\t\t\t\t<div class=\"elementor-column elementor-col-33 elementor-top-column elementor-element elementor-element-ef01190\" data-id=\"ef01190\" data-element_type=\"column\">\n\t\t\t<div class=\"elementor-widget-wrap\">\n\t\t\t\t\t\t\t\t\t<\/div>\n\t\t<\/div>\n\t\t\t\t\t\t\t<\/div>\n\t\t<\/section>\n\t\t\t\t<section class=\"elementor-section elementor-top-section elementor-element elementor-element-d2ce50e elementor-section-boxed elementor-section-height-default elementor-section-height-default\" data-id=\"d2ce50e\" data-element_type=\"section\">\n\t\t\t\t\t\t<div class=\"elementor-container elementor-column-gap-default\">\n\t\t\t\t\t<div class=\"elementor-column elementor-col-100 elementor-top-column elementor-element elementor-element-6eb4c8f\" data-id=\"6eb4c8f\" data-element_type=\"column\">\n\t\t\t<div class=\"elementor-widget-wrap elementor-element-populated\">\n\t\t\t\t\t\t\t\t<div class=\"elementor-element elementor-element-c6f9a4f elementor-widget elementor-widget-text-editor\" data-id=\"c6f9a4f\" data-element_type=\"widget\" data-widget_type=\"text-editor.default\">\n\t\t\t\t<div class=\"elementor-widget-container\">\n\t\t\t\t\t\t\t<p>You can contact us at<strong>\u00a0<a href=\"mailto:services@kimtechnologies.com.tr\">lab.services@kimtechnologies.com.tr<\/a>\u00a0<\/strong>to get detailed information about the use of the laboratory and to purchase services.<\/p>\t\t\t\t\t\t<\/div>\n\t\t\t\t<\/div>\n\t\t\t\t\t<\/div>\n\t\t<\/div>\n\t\t\t\t\t\t\t<\/div>\n\t\t<\/section>\n\t\t\t\t<section class=\"elementor-section elementor-top-section elementor-element elementor-element-75cd948 elementor-section-boxed elementor-section-height-default elementor-section-height-default\" data-id=\"75cd948\" data-element_type=\"section\">\n\t\t\t\t\t\t<div class=\"elementor-container elementor-column-gap-default\">\n\t\t\t\t\t<div class=\"elementor-column elementor-col-100 elementor-top-column elementor-element elementor-element-9aac7a8\" data-id=\"9aac7a8\" data-element_type=\"column\">\n\t\t\t<div class=\"elementor-widget-wrap elementor-element-populated\">\n\t\t\t\t\t\t\t\t<div class=\"elementor-element elementor-element-1b8831e elementor-widget elementor-widget-image\" data-id=\"1b8831e\" data-element_type=\"widget\" data-widget_type=\"image.default\">\n\t\t\t\t<div class=\"elementor-widget-container\">\n\t\t\t\t\t\t\t\t\t\t\t\t\t\t\t<img decoding=\"async\" src=\"https:\/\/www.kimteknoloji.com.tr\/wp-content\/uploads\/elementor\/thumbs\/KIM-ENV-LAB-qcczih24ti2jjsm6yzearpdblkeqcgjqsxsvglghn0.png\" title=\"\" alt=\"\" loading=\"lazy\" \/>\t\t\t\t\t\t\t\t\t\t\t\t\t\t\t<\/div>\n\t\t\t\t<\/div>\n\t\t\t\t\t<\/div>\n\t\t<\/div>\n\t\t\t\t\t\t\t<\/div>\n\t\t<\/section>\n\t\t\t\t\t\t\t<\/div>","protected":false},"excerpt":{"rendered":"<p>\u00c7evresel Test Laboratuvar\u0131 Malzemelerin \u00f6m\u00fcrleri boyunca kar\u015f\u0131la\u015fabilece\u011fi do\u011fal \u00e7evre \u015fartlar\u0131na kar\u015f\u0131 diren\u00e7lerini belirlemek amac\u0131 ile \u00e7evresel test laboratuvar\u0131m\u0131z mevcuttur. S\u0131cakl\u0131k, nem ve s\u0131cakl\u0131k \u015foku testlerimiz ile malzemenin y\u00fcksek ve d\u00fc\u015f\u00fck s\u0131cakl\u0131\u011fa, neme ve s\u0131cakl\u0131k \u015fokuna kar\u015f\u0131 diren\u00e7leri belirlenir ve raporlan\u0131r.<\/p>","protected":false},"author":1,"featured_media":0,"parent":0,"menu_order":0,"comment_status":"closed","ping_status":"closed","template":"","meta":{"footnotes":""},"_links":{"self":[{"href":"https:\/\/www.kimteknoloji.com.tr\/en\/wp-json\/wp\/v2\/pages\/830"}],"collection":[{"href":"https:\/\/www.kimteknoloji.com.tr\/en\/wp-json\/wp\/v2\/pages"}],"about":[{"href":"https:\/\/www.kimteknoloji.com.tr\/en\/wp-json\/wp\/v2\/types\/page"}],"author":[{"embeddable":true,"href":"https:\/\/www.kimteknoloji.com.tr\/en\/wp-json\/wp\/v2\/users\/1"}],"replies":[{"embeddable":true,"href":"https:\/\/www.kimteknoloji.com.tr\/en\/wp-json\/wp\/v2\/comments?post=830"}],"version-history":[{"count":11,"href":"https:\/\/www.kimteknoloji.com.tr\/en\/wp-json\/wp\/v2\/pages\/830\/revisions"}],"predecessor-version":[{"id":1422,"href":"https:\/\/www.kimteknoloji.com.tr\/en\/wp-json\/wp\/v2\/pages\/830\/revisions\/1422"}],"wp:attachment":[{"href":"https:\/\/www.kimteknoloji.com.tr\/en\/wp-json\/wp\/v2\/media?parent=830"}],"curies":[{"name":"wp","href":"https:\/\/api.w.org\/{rel}","templated":true}]}}