{"id":821,"date":"2021-06-07T20:43:26","date_gmt":"2021-06-07T17:43:26","guid":{"rendered":"http:\/\/www.kimteknoloji.com.tr\/?page_id=821"},"modified":"2022-01-13T21:34:50","modified_gmt":"2022-01-13T18:34:50","slug":"malzeme-ve-kimya-laboratuvari","status":"publish","type":"page","link":"https:\/\/www.kimteknoloji.com.tr\/en\/malzeme-ve-kimya-laboratuvari\/","title":{"rendered":"Materials and Chemical Laboratory"},"content":{"rendered":"<div data-elementor-type=\"wp-page\" data-elementor-id=\"821\" class=\"elementor elementor-821\">\n\t\t\t\t\t\t\t\t\t<section class=\"elementor-section elementor-top-section elementor-element elementor-element-17df154 elementor-section-boxed elementor-section-height-default elementor-section-height-default\" data-id=\"17df154\" data-element_type=\"section\">\n\t\t\t\t\t\t<div class=\"elementor-container elementor-column-gap-default\">\n\t\t\t\t\t<div class=\"elementor-column elementor-col-100 elementor-top-column elementor-element elementor-element-52c6a2e\" data-id=\"52c6a2e\" data-element_type=\"column\">\n\t\t\t<div class=\"elementor-widget-wrap elementor-element-populated\">\n\t\t\t\t\t\t\t\t<div class=\"elementor-element elementor-element-48c9021 elementor-widget elementor-widget-heading\" data-id=\"48c9021\" data-element_type=\"widget\" data-widget_type=\"heading.default\">\n\t\t\t\t<div class=\"elementor-widget-container\">\n\t\t\t<h2 class=\"elementor-heading-title elementor-size-default\">Materials and Chemical Laboratory<\/h2>\t\t<\/div>\n\t\t\t\t<\/div>\n\t\t\t\t\t<\/div>\n\t\t<\/div>\n\t\t\t\t\t\t\t<\/div>\n\t\t<\/section>\n\t\t\t\t<section class=\"elementor-section elementor-top-section elementor-element elementor-element-d1b05d9 elementor-section-boxed elementor-section-height-default elementor-section-height-default\" data-id=\"d1b05d9\" data-element_type=\"section\">\n\t\t\t\t\t\t<div class=\"elementor-container elementor-column-gap-default\">\n\t\t\t\t\t<div class=\"elementor-column elementor-col-100 elementor-top-column elementor-element elementor-element-eae93ee\" data-id=\"eae93ee\" data-element_type=\"column\">\n\t\t\t<div class=\"elementor-widget-wrap elementor-element-populated\">\n\t\t\t\t\t\t\t\t<div class=\"elementor-element elementor-element-a540bd3 elementor-widget elementor-widget-text-editor\" data-id=\"a540bd3\" data-element_type=\"widget\" data-widget_type=\"text-editor.default\">\n\t\t\t\t<div class=\"elementor-widget-container\">\n\t\t\t\t\t\t\t<p><span style=\"font-size: 12.0pt;\">Our material and chemistry laboratory is equipped with state-of-the-art laboratory equipment in order to ensure both raw material quality control and process quality control.<\/span><\/p><p><span style=\"font-size: 12.0pt;\">Some physical, chemical, and mechanical properties of materials, determination of cracks and pores in the material and liquid penetration tests are performed. All test results are presented with analysis reports.<\/span><\/p><p><span style=\"font-size: 12.0pt;\">Tests related to the following subjects can be carried out in our organization.<\/span><\/p><ul><li>Material Characterization<\/li><li>Physical Mechanical Tests<\/li><li>Latest Technology Nondestructive Testing Systems<\/li><\/ul><p>You can contact us at<strong>\u00a0<a href=\"mailto:services@kimtechnologies.com.tr\">lab.services@kimtechnologies.com.tr<\/a>\u00a0<\/strong>to get detailed information about the use of the laboratory and to purchase services.<\/p>\t\t\t\t\t\t<\/div>\n\t\t\t\t<\/div>\n\t\t\t\t\t<\/div>\n\t\t<\/div>\n\t\t\t\t\t\t\t<\/div>\n\t\t<\/section>\n\t\t\t\t<section class=\"elementor-section elementor-top-section elementor-element elementor-element-cd3f0f7 elementor-section-boxed elementor-section-height-default elementor-section-height-default\" data-id=\"cd3f0f7\" data-element_type=\"section\">\n\t\t\t\t\t\t<div class=\"elementor-container elementor-column-gap-default\">\n\t\t\t\t\t<div class=\"elementor-column elementor-col-100 elementor-top-column elementor-element elementor-element-8658165\" data-id=\"8658165\" data-element_type=\"column\">\n\t\t\t<div class=\"elementor-widget-wrap elementor-element-populated\">\n\t\t\t\t\t\t\t\t<div class=\"elementor-element elementor-element-90e26db elementor-widget elementor-widget-image\" data-id=\"90e26db\" data-element_type=\"widget\" data-widget_type=\"image.default\">\n\t\t\t\t<div class=\"elementor-widget-container\">\n\t\t\t\t\t\t\t\t\t\t\t\t\t\t\t<img decoding=\"async\" src=\"https:\/\/www.kimteknoloji.com.tr\/wp-content\/uploads\/elementor\/thumbs\/KIM-QLT-LAB-qcczipioj0d3mf26snfijcqg941gz4x75ts54rczt0.png\" title=\"\" alt=\"\" loading=\"lazy\" \/>\t\t\t\t\t\t\t\t\t\t\t\t\t\t\t<\/div>\n\t\t\t\t<\/div>\n\t\t\t\t\t<\/div>\n\t\t<\/div>\n\t\t\t\t\t\t\t<\/div>\n\t\t<\/section>\n\t\t\t\t\t\t\t<\/div>","protected":false},"excerpt":{"rendered":"<p>Malzeme ve Kimya Laboratuvar\u0131 Malzeme ve kimya laboratuvar\u0131m\u0131z gerek hammadde kalite kontrol\u00fc, gerek s\u00fcre\u00e7 kalite kontrol\u00fcn\u00fcn sa\u011flanmas\u0131 amac\u0131 ile son teknoloji laboratuvar ekipmanlar\u0131 ile donat\u0131lm\u0131\u015f bir \u015fekilde b\u00fcnyemizde bulunmaktad\u0131r. Malzemelerin baz\u0131 fiziksel, kimyasal ve mekanik \u00f6zellikleri, malzeme i\u00e7erisindeki \u00e7atlak ve<\/p>","protected":false},"author":1,"featured_media":0,"parent":0,"menu_order":0,"comment_status":"closed","ping_status":"closed","template":"","meta":{"footnotes":""},"_links":{"self":[{"href":"https:\/\/www.kimteknoloji.com.tr\/en\/wp-json\/wp\/v2\/pages\/821"}],"collection":[{"href":"https:\/\/www.kimteknoloji.com.tr\/en\/wp-json\/wp\/v2\/pages"}],"about":[{"href":"https:\/\/www.kimteknoloji.com.tr\/en\/wp-json\/wp\/v2\/types\/page"}],"author":[{"embeddable":true,"href":"https:\/\/www.kimteknoloji.com.tr\/en\/wp-json\/wp\/v2\/users\/1"}],"replies":[{"embeddable":true,"href":"https:\/\/www.kimteknoloji.com.tr\/en\/wp-json\/wp\/v2\/comments?post=821"}],"version-history":[{"count":11,"href":"https:\/\/www.kimteknoloji.com.tr\/en\/wp-json\/wp\/v2\/pages\/821\/revisions"}],"predecessor-version":[{"id":1425,"href":"https:\/\/www.kimteknoloji.com.tr\/en\/wp-json\/wp\/v2\/pages\/821\/revisions\/1425"}],"wp:attachment":[{"href":"https:\/\/www.kimteknoloji.com.tr\/en\/wp-json\/wp\/v2\/media?parent=821"}],"curies":[{"name":"wp","href":"https:\/\/api.w.org\/{rel}","templated":true}]}}