{"id":802,"date":"2021-06-07T20:35:08","date_gmt":"2021-06-07T17:35:08","guid":{"rendered":"http:\/\/www.kimteknoloji.com.tr\/?page_id=802"},"modified":"2022-01-13T21:29:15","modified_gmt":"2022-01-13T18:29:15","slug":"balistik","status":"publish","type":"page","link":"https:\/\/www.kimteknoloji.com.tr\/en\/balistik\/","title":{"rendered":"Ballistic Laboratory"},"content":{"rendered":"<div data-elementor-type=\"wp-page\" data-elementor-id=\"802\" class=\"elementor elementor-802\">\n\t\t\t\t\t\t\t\t\t<section class=\"elementor-section elementor-top-section elementor-element elementor-element-b8c02d1 elementor-section-boxed elementor-section-height-default elementor-section-height-default\" data-id=\"b8c02d1\" data-element_type=\"section\">\n\t\t\t\t\t\t<div class=\"elementor-container elementor-column-gap-default\">\n\t\t\t\t\t<div class=\"elementor-column elementor-col-100 elementor-top-column elementor-element elementor-element-59c7c3a\" data-id=\"59c7c3a\" data-element_type=\"column\">\n\t\t\t<div class=\"elementor-widget-wrap elementor-element-populated\">\n\t\t\t\t\t\t\t\t<div class=\"elementor-element elementor-element-4dbef95 elementor-widget elementor-widget-heading\" data-id=\"4dbef95\" data-element_type=\"widget\" data-widget_type=\"heading.default\">\n\t\t\t\t<div class=\"elementor-widget-container\">\n\t\t\t<h2 class=\"elementor-heading-title elementor-size-default\">Ballistic Laboratory<\/h2>\t\t<\/div>\n\t\t\t\t<\/div>\n\t\t\t\t\t<\/div>\n\t\t<\/div>\n\t\t\t\t\t\t\t<\/div>\n\t\t<\/section>\n\t\t\t\t<section class=\"elementor-section elementor-top-section elementor-element elementor-element-5822fa9 elementor-section-boxed elementor-section-height-default elementor-section-height-default\" data-id=\"5822fa9\" data-element_type=\"section\">\n\t\t\t\t\t\t<div class=\"elementor-container elementor-column-gap-default\">\n\t\t\t\t\t<div class=\"elementor-column elementor-col-100 elementor-top-column elementor-element elementor-element-962efd0\" data-id=\"962efd0\" data-element_type=\"column\">\n\t\t\t<div class=\"elementor-widget-wrap elementor-element-populated\">\n\t\t\t\t\t\t\t\t<div class=\"elementor-element elementor-element-e4edee5 elementor-widget elementor-widget-image\" data-id=\"e4edee5\" data-element_type=\"widget\" data-widget_type=\"image.default\">\n\t\t\t\t<div class=\"elementor-widget-container\">\n\t\t\t\t\t\t\t\t\t\t\t\t\t\t\t<img decoding=\"async\" src=\"https:\/\/www.kimteknoloji.com.tr\/wp-content\/uploads\/elementor\/thumbs\/balistik-lab1-qcczhpstbayo4fohvtk1vezwn346eqn7ci5jf97iyg.png\" title=\"\" alt=\"\" loading=\"lazy\" \/>\t\t\t\t\t\t\t\t\t\t\t\t\t\t\t<\/div>\n\t\t\t\t<\/div>\n\t\t\t\t\t<\/div>\n\t\t<\/div>\n\t\t\t\t\t\t\t<\/div>\n\t\t<\/section>\n\t\t\t\t<section class=\"elementor-section elementor-top-section elementor-element elementor-element-7ca8fb6 elementor-section-boxed elementor-section-height-default elementor-section-height-default\" data-id=\"7ca8fb6\" data-element_type=\"section\">\n\t\t\t\t\t\t<div class=\"elementor-container elementor-column-gap-default\">\n\t\t\t\t\t<div class=\"elementor-column elementor-col-100 elementor-top-column elementor-element elementor-element-2ef2ff8\" data-id=\"2ef2ff8\" data-element_type=\"column\">\n\t\t\t<div class=\"elementor-widget-wrap elementor-element-populated\">\n\t\t\t\t\t\t\t\t<div class=\"elementor-element elementor-element-d6cc6f0 elementor-widget elementor-widget-text-editor\" data-id=\"d6cc6f0\" data-element_type=\"widget\" data-widget_type=\"text-editor.default\">\n\t\t\t\t<div class=\"elementor-widget-container\">\n\t\t\t\t\t\t\t<p><span style=\"font-size: 12.0pt;\">Our ballistic test laboratory has been considered and established in accordance with current threats and standards. In addition, it is aimed not only to carry out tests with ammunition and to give a test result report, but also to give an analysis report if requested.<\/span><\/p>\t\t\t\t\t\t<\/div>\n\t\t\t\t<\/div>\n\t\t\t\t\t<\/div>\n\t\t<\/div>\n\t\t\t\t\t\t\t<\/div>\n\t\t<\/section>\n\t\t\t\t<section class=\"elementor-section elementor-top-section elementor-element elementor-element-62e926d elementor-section-content-space-around elementor-section-boxed elementor-section-height-default elementor-section-height-default\" data-id=\"62e926d\" data-element_type=\"section\">\n\t\t\t\t\t\t<div class=\"elementor-container elementor-column-gap-default\">\n\t\t\t\t\t<div class=\"elementor-column elementor-col-50 elementor-top-column elementor-element elementor-element-c9b5461\" data-id=\"c9b5461\" data-element_type=\"column\">\n\t\t\t<div class=\"elementor-widget-wrap elementor-element-populated\">\n\t\t\t\t\t\t\t\t<div class=\"elementor-element elementor-element-9f5b9a0 elementor-widget elementor-widget-image\" data-id=\"9f5b9a0\" data-element_type=\"widget\" data-widget_type=\"image.default\">\n\t\t\t\t<div class=\"elementor-widget-container\">\n\t\t\t\t\t\t\t\t\t\t\t\t\t\t\t<img decoding=\"async\" src=\"https:\/\/www.kimteknoloji.com.tr\/wp-content\/uploads\/elementor\/thumbs\/1.1x300-qcczli35euhcrjo9klzih8eqh97ioatxcsnnrwlckw.png\" title=\"KIM Ballistic 1\" alt=\"KIM Ballistic 1\" loading=\"lazy\" \/>\t\t\t\t\t\t\t\t\t\t\t\t\t\t\t<\/div>\n\t\t\t\t<\/div>\n\t\t\t\t\t<\/div>\n\t\t<\/div>\n\t\t\t\t<div class=\"elementor-column elementor-col-50 elementor-top-column elementor-element elementor-element-1344bf7\" data-id=\"1344bf7\" data-element_type=\"column\">\n\t\t\t<div class=\"elementor-widget-wrap elementor-element-populated\">\n\t\t\t\t\t\t\t\t<div class=\"elementor-element elementor-element-0da42fa elementor-widget elementor-widget-text-editor\" data-id=\"0da42fa\" data-element_type=\"widget\" data-widget_type=\"text-editor.default\">\n\t\t\t\t<div class=\"elementor-widget-container\">\n\t\t\t\t\t\t\t<p>If requested before the test;<\/p><ul><li>Analysis of the core part of the ammunition to be used in the test (weight, hardness, etc.) and even tomography images<\/li><li>Pre-test and post-test tomography images of the test sample<\/li><li>Measurement result of ammunition yaw angle with computer-controlled system during the test<\/li><li>Non-contact measurement result with 3D scanning method in case of very sensitive measurement in tests where trauma measurement value is required.<\/li><li>Speed camera images if requested during the tests<\/li><\/ul><p>A very detailed analysis report containing all these results can be given.<\/p><div class=\"vce-text-block\"><div id=\"el-55329486\" class=\"vce-text-block-wrapper vce\" data-vce-do-apply=\"all el-55329486\"><p>Tests in accordance with the following standards can be performed in our organization;<\/p><\/div><\/div><div class=\"vce-row-container\" data-vce-boxed-width=\"true\"><div id=\"el-36c2fe0b\" class=\"vce-row vce-row--col-gap-30 vce-row-equal-height vce-row-content--top\" data-vce-do-apply=\"all el-36c2fe0b\"><div class=\"vce-row-content\" data-vce-element-content=\"true\"><div id=\"el-16808c9f\" class=\"vce-col vce-col--md-auto vce-col--xs-1 vce-col--xs-last vce-col--xs-first vce-col--sm-last vce-col--sm-first vce-col--md-first vce-col--lg-first vce-col--xl-first\"><div class=\"vce-col-inner\" data-vce-do-apply=\"border margin background el-16808c9f\"><div class=\"vce-col-content\" data-vce-element-content=\"true\" data-vce-do-apply=\"padding el-16808c9f\"><div class=\"vce-text-block\"><div id=\"el-1db8815c\" class=\"vce-text-block-wrapper vce\" data-vce-do-apply=\"all el-1db8815c\"><ul><li>NIJ 0101.06<\/li><li>NIJ 0101.04<\/li><li>NIJ 0108.01<\/li><li>MIL-PRF-46103E<\/li><\/ul><\/div><\/div><\/div><\/div><\/div><div id=\"el-28da4142\" class=\"vce-col vce-col--md-auto vce-col--xs-1 vce-col--xs-last vce-col--xs-first vce-col--sm-last vce-col--sm-first\"><div class=\"vce-col-inner\" data-vce-do-apply=\"border margin background el-28da4142\"><div class=\"vce-col-content\" data-vce-element-content=\"true\" data-vce-do-apply=\"padding el-28da4142\"><div class=\"vce-text-block\"><div id=\"el-f653bfcd\" class=\"vce-text-block-wrapper vce\" data-vce-do-apply=\"all el-f653bfcd\"><ul><li>TS EN 1063<\/li><li>TS EN 1522<\/li><li>STANAG 4569<\/li><li>STANAG 2920<\/li><\/ul><\/div><\/div><\/div><\/div><\/div><\/div><\/div><\/div>\t\t\t\t\t\t<\/div>\n\t\t\t\t<\/div>\n\t\t\t\t\t<\/div>\n\t\t<\/div>\n\t\t\t\t\t\t\t<\/div>\n\t\t<\/section>\n\t\t\t\t<section class=\"elementor-section elementor-top-section elementor-element elementor-element-d771215 elementor-section-boxed elementor-section-height-default elementor-section-height-default\" data-id=\"d771215\" data-element_type=\"section\">\n\t\t\t\t\t\t<div class=\"elementor-container elementor-column-gap-default\">\n\t\t\t\t\t<div class=\"elementor-column elementor-col-100 elementor-top-column elementor-element elementor-element-0e6008e\" data-id=\"0e6008e\" data-element_type=\"column\">\n\t\t\t<div class=\"elementor-widget-wrap elementor-element-populated\">\n\t\t\t\t\t\t\t\t<div class=\"elementor-element elementor-element-228d1a0 elementor-widget elementor-widget-text-editor\" data-id=\"228d1a0\" data-element_type=\"widget\" data-widget_type=\"text-editor.default\">\n\t\t\t\t<div class=\"elementor-widget-container\">\n\t\t\t\t\t\t\t<p>You can contact us at<strong>\u00a0<a href=\"mailto:lab.services@kimtechnologies.com.tr\">lab.services@kimtechnologies.com.tr<\/a><\/strong>\u00a0to get detailed information about the use of the laboratory and to purchase services.<\/p>\t\t\t\t\t\t<\/div>\n\t\t\t\t<\/div>\n\t\t\t\t\t<\/div>\n\t\t<\/div>\n\t\t\t\t\t\t\t<\/div>\n\t\t<\/section>\n\t\t\t\t<section class=\"elementor-section elementor-top-section elementor-element elementor-element-5274c69 elementor-section-boxed elementor-section-height-default elementor-section-height-default\" data-id=\"5274c69\" data-element_type=\"section\">\n\t\t\t\t\t\t<div class=\"elementor-container elementor-column-gap-default\">\n\t\t\t\t\t<div class=\"elementor-column elementor-col-100 elementor-top-column elementor-element elementor-element-7f25f39\" data-id=\"7f25f39\" data-element_type=\"column\">\n\t\t\t<div class=\"elementor-widget-wrap elementor-element-populated\">\n\t\t\t\t\t\t\t\t<div class=\"elementor-element elementor-element-790f088 elementor-widget elementor-widget-image\" data-id=\"790f088\" data-element_type=\"widget\" data-widget_type=\"image.default\">\n\t\t\t\t<div class=\"elementor-widget-container\">\n\t\t\t\t\t\t\t\t\t\t\t\t\t\t\t<img decoding=\"async\" src=\"https:\/\/www.kimteknoloji.com.tr\/wp-content\/uploads\/elementor\/thumbs\/balistik4-qcczhsmbvt2j39kefcrxkwaaf8qa1tyecw3zv33cfs.png\" title=\"\" alt=\"\" loading=\"lazy\" \/>\t\t\t\t\t\t\t\t\t\t\t\t\t\t\t<\/div>\n\t\t\t\t<\/div>\n\t\t\t\t\t<\/div>\n\t\t<\/div>\n\t\t\t\t\t\t\t<\/div>\n\t\t<\/section>\n\t\t\t\t\t\t\t<\/div>","protected":false},"excerpt":{"rendered":"<p>Balistik Laboratuvar\u0131 Balistik test laboratuvar\u0131m\u0131z g\u00fcncel tehdit ve standartlar d\u00fc\u015f\u00fcn\u00fclm\u00fc\u015f ve buna uygun olarak kurulmu\u015ftur. Ayr\u0131ca burada sadece m\u00fchimmatlar ile testler ger\u00e7ekle\u015ftirilip bir test sonu\u00e7 raporu vermenin \u00f6tesinde istenmesi halinde bir analiz raporu vermek hedeflenmi\u015ftir. Test \u00f6ncesinde istenmesi durumunda; Testte<\/p>","protected":false},"author":1,"featured_media":0,"parent":0,"menu_order":0,"comment_status":"closed","ping_status":"closed","template":"","meta":{"footnotes":""},"_links":{"self":[{"href":"https:\/\/www.kimteknoloji.com.tr\/en\/wp-json\/wp\/v2\/pages\/802"}],"collection":[{"href":"https:\/\/www.kimteknoloji.com.tr\/en\/wp-json\/wp\/v2\/pages"}],"about":[{"href":"https:\/\/www.kimteknoloji.com.tr\/en\/wp-json\/wp\/v2\/types\/page"}],"author":[{"embeddable":true,"href":"https:\/\/www.kimteknoloji.com.tr\/en\/wp-json\/wp\/v2\/users\/1"}],"replies":[{"embeddable":true,"href":"https:\/\/www.kimteknoloji.com.tr\/en\/wp-json\/wp\/v2\/comments?post=802"}],"version-history":[{"count":22,"href":"https:\/\/www.kimteknoloji.com.tr\/en\/wp-json\/wp\/v2\/pages\/802\/revisions"}],"predecessor-version":[{"id":1728,"href":"https:\/\/www.kimteknoloji.com.tr\/en\/wp-json\/wp\/v2\/pages\/802\/revisions\/1728"}],"wp:attachment":[{"href":"https:\/\/www.kimteknoloji.com.tr\/en\/wp-json\/wp\/v2\/media?parent=802"}],"curies":[{"name":"wp","href":"https:\/\/api.w.org\/{rel}","templated":true}]}}