{"id":794,"date":"2021-06-07T17:29:58","date_gmt":"2021-06-07T14:29:58","guid":{"rendered":"http:\/\/www.kimteknoloji.com.tr\/?page_id=794"},"modified":"2022-01-13T21:35:45","modified_gmt":"2022-01-13T18:35:45","slug":"ar-ge","status":"publish","type":"page","link":"https:\/\/www.kimteknoloji.com.tr\/en\/ar-ge\/","title":{"rendered":"R&amp;D"},"content":{"rendered":"<div data-elementor-type=\"wp-page\" data-elementor-id=\"794\" class=\"elementor elementor-794\">\n\t\t\t\t\t\t\t\t\t<section class=\"elementor-section elementor-top-section elementor-element elementor-element-bb11b08 elementor-section-boxed elementor-section-height-default elementor-section-height-default\" data-id=\"bb11b08\" data-element_type=\"section\">\n\t\t\t\t\t\t<div class=\"elementor-container elementor-column-gap-default\">\n\t\t\t\t\t<div class=\"elementor-column elementor-col-100 elementor-top-column elementor-element elementor-element-925e421\" data-id=\"925e421\" data-element_type=\"column\">\n\t\t\t<div class=\"elementor-widget-wrap elementor-element-populated\">\n\t\t\t\t\t\t\t\t<div class=\"elementor-element elementor-element-37f1c63 elementor-widget elementor-widget-heading\" data-id=\"37f1c63\" data-element_type=\"widget\" data-widget_type=\"heading.default\">\n\t\t\t\t<div class=\"elementor-widget-container\">\n\t\t\t<h2 class=\"elementor-heading-title elementor-size-default\">R&amp;D<\/h2>\t\t<\/div>\n\t\t\t\t<\/div>\n\t\t\t\t\t<\/div>\n\t\t<\/div>\n\t\t\t\t\t\t\t<\/div>\n\t\t<\/section>\n\t\t\t\t<section class=\"elementor-section elementor-top-section elementor-element elementor-element-9d973e7 elementor-section-boxed elementor-section-height-default elementor-section-height-default\" data-id=\"9d973e7\" data-element_type=\"section\">\n\t\t\t\t\t\t<div class=\"elementor-container elementor-column-gap-default\">\n\t\t\t\t\t<div class=\"elementor-column elementor-col-100 elementor-top-column elementor-element elementor-element-92f0147\" data-id=\"92f0147\" data-element_type=\"column\">\n\t\t\t<div class=\"elementor-widget-wrap elementor-element-populated\">\n\t\t\t\t\t\t\t\t<div class=\"elementor-element elementor-element-9d9c5b2 elementor-widget elementor-widget-text-editor\" data-id=\"9d9c5b2\" data-element_type=\"widget\" data-widget_type=\"text-editor.default\">\n\t\t\t\t<div class=\"elementor-widget-container\">\n\t\t\t\t\t\t\t<p><span style=\"font-size: 12.0pt;\">Depending on the technology-oriented growth principles, Kim Teknoloji carries out its development and research activities in partnership with many competent scientific centers, especially local universities.<\/span><\/p><p><span style=\"font-size: 12.0pt;\">Many technologies and product development programs in line with its vision are carried out in its own 5 (five) R&amp;D laboratories with different capabilities.<\/span><\/p><p><span style=\"font-size: 12.0pt;\">In this sense, renewable energy, automotive, medical, electronics, optics and defense industry sectors come to the fore. Especially in defense industry programs particular attention is paid to stay on topics that protect and do not harm people.<\/span><\/p><p>To get in touch:\u00a0<strong><a href=\"mailto:info@kimtechnologies.com.tr\">contact@kimtechnologies.com.tr<\/a><\/strong><\/p>\t\t\t\t\t\t<\/div>\n\t\t\t\t<\/div>\n\t\t\t\t\t<\/div>\n\t\t<\/div>\n\t\t\t\t\t\t\t<\/div>\n\t\t<\/section>\n\t\t\t\t<section class=\"elementor-section elementor-top-section elementor-element elementor-element-ba5c35b elementor-section-boxed elementor-section-height-default elementor-section-height-default\" data-id=\"ba5c35b\" data-element_type=\"section\">\n\t\t\t\t\t\t<div class=\"elementor-container elementor-column-gap-default\">\n\t\t\t\t\t<div class=\"elementor-column elementor-col-50 elementor-top-column elementor-element elementor-element-864d88c\" data-id=\"864d88c\" data-element_type=\"column\">\n\t\t\t<div class=\"elementor-widget-wrap elementor-element-populated\">\n\t\t\t\t\t\t\t\t<div class=\"elementor-element elementor-element-66d8251 elementor-widget elementor-widget-image\" data-id=\"66d8251\" data-element_type=\"widget\" data-widget_type=\"image.default\">\n\t\t\t\t<div class=\"elementor-widget-container\">\n\t\t\t\t\t\t\t\t\t\t\t\t\t\t\t<img decoding=\"async\" src=\"https:\/\/www.kimteknoloji.com.tr\/wp-content\/uploads\/elementor\/thumbs\/1-scaled-qcczhl3cqoh6nj2u6vlbzmbmphgrmucazyt2gng7jg.jpg\" title=\"\" alt=\"\" loading=\"lazy\" \/>\t\t\t\t\t\t\t\t\t\t\t\t\t\t\t<\/div>\n\t\t\t\t<\/div>\n\t\t\t\t\t<\/div>\n\t\t<\/div>\n\t\t\t\t<div class=\"elementor-column elementor-col-50 elementor-top-column elementor-element elementor-element-6dac02a\" data-id=\"6dac02a\" data-element_type=\"column\">\n\t\t\t<div class=\"elementor-widget-wrap elementor-element-populated\">\n\t\t\t\t\t\t\t\t<div class=\"elementor-element elementor-element-6e3678b elementor-widget elementor-widget-image\" data-id=\"6e3678b\" data-element_type=\"widget\" data-widget_type=\"image.default\">\n\t\t\t\t<div class=\"elementor-widget-container\">\n\t\t\t\t\t\t\t\t\t\t\t\t\t\t\t<img decoding=\"async\" src=\"https:\/\/www.kimteknoloji.com.tr\/wp-content\/uploads\/elementor\/thumbs\/2-scaled-qcczhm16xiigz51h1dzyk433avc4ujg1c3gjxxetd8.jpg\" title=\"\" alt=\"\" loading=\"lazy\" \/>\t\t\t\t\t\t\t\t\t\t\t\t\t\t\t<\/div>\n\t\t\t\t<\/div>\n\t\t\t\t\t<\/div>\n\t\t<\/div>\n\t\t\t\t\t\t\t<\/div>\n\t\t<\/section>\n\t\t\t\t\t\t\t<\/div>","protected":false},"excerpt":{"rendered":"<p>Ar-Ge Kim teknoloji, teknoloji odakl\u0131 b\u00fcy\u00fcme prensiplerine ba\u011fl\u0131 olarak, geli\u015ftirme ve ara\u015ft\u0131rma faaliyetlerini ba\u015fta yerel \u00fcniversiteler olmak \u00fczere bir\u00e7ok yetkin bilimsel merkezi ile ortakla\u015fa y\u00fcr\u00fctmektedir. Kendi b\u00fcnyesinde yer alan farkl\u0131 kabiliyetlere sahip 5 (be\u015f) Ar-Ge laboratuvar\u0131nda vizyonuna uygun bir\u00e7ok teknoloji<\/p>","protected":false},"author":1,"featured_media":0,"parent":0,"menu_order":0,"comment_status":"closed","ping_status":"closed","template":"","meta":{"footnotes":""},"_links":{"self":[{"href":"https:\/\/www.kimteknoloji.com.tr\/en\/wp-json\/wp\/v2\/pages\/794"}],"collection":[{"href":"https:\/\/www.kimteknoloji.com.tr\/en\/wp-json\/wp\/v2\/pages"}],"about":[{"href":"https:\/\/www.kimteknoloji.com.tr\/en\/wp-json\/wp\/v2\/types\/page"}],"author":[{"embeddable":true,"href":"https:\/\/www.kimteknoloji.com.tr\/en\/wp-json\/wp\/v2\/users\/1"}],"replies":[{"embeddable":true,"href":"https:\/\/www.kimteknoloji.com.tr\/en\/wp-json\/wp\/v2\/comments?post=794"}],"version-history":[{"count":14,"href":"https:\/\/www.kimteknoloji.com.tr\/en\/wp-json\/wp\/v2\/pages\/794\/revisions"}],"predecessor-version":[{"id":1428,"href":"https:\/\/www.kimteknoloji.com.tr\/en\/wp-json\/wp\/v2\/pages\/794\/revisions\/1428"}],"wp:attachment":[{"href":"https:\/\/www.kimteknoloji.com.tr\/en\/wp-json\/wp\/v2\/media?parent=794"}],"curies":[{"name":"wp","href":"https:\/\/api.w.org\/{rel}","templated":true}]}}