{"id":775,"date":"2021-06-07T15:38:59","date_gmt":"2021-06-07T12:38:59","guid":{"rendered":"http:\/\/www.kimteknoloji.com.tr\/?page_id=775"},"modified":"2024-12-19T16:45:30","modified_gmt":"2024-12-19T13:45:30","slug":"kalite","status":"publish","type":"page","link":"https:\/\/www.kimteknoloji.com.tr\/en\/kalite\/","title":{"rendered":"Quality"},"content":{"rendered":"<div data-elementor-type=\"wp-page\" data-elementor-id=\"775\" class=\"elementor elementor-775\">\n\t\t\t\t\t\t\t\t\t<section class=\"elementor-section elementor-top-section elementor-element elementor-element-bf4ca0c elementor-section-boxed elementor-section-height-default elementor-section-height-default\" data-id=\"bf4ca0c\" data-element_type=\"section\">\n\t\t\t\t\t\t<div class=\"elementor-container elementor-column-gap-default\">\n\t\t\t\t\t<div class=\"elementor-column elementor-col-100 elementor-top-column elementor-element elementor-element-9bed46a\" data-id=\"9bed46a\" data-element_type=\"column\">\n\t\t\t<div class=\"elementor-widget-wrap elementor-element-populated\">\n\t\t\t\t\t\t\t\t<div class=\"elementor-element elementor-element-42643cc elementor-widget elementor-widget-heading\" data-id=\"42643cc\" data-element_type=\"widget\" data-widget_type=\"heading.default\">\n\t\t\t\t<div class=\"elementor-widget-container\">\n\t\t\t<h2 class=\"elementor-heading-title elementor-size-default\">Quality<\/h2>\t\t<\/div>\n\t\t\t\t<\/div>\n\t\t\t\t\t<\/div>\n\t\t<\/div>\n\t\t\t\t\t\t\t<\/div>\n\t\t<\/section>\n\t\t\t\t<section class=\"elementor-section elementor-top-section elementor-element elementor-element-337930c elementor-section-boxed elementor-section-height-default elementor-section-height-default\" data-id=\"337930c\" data-element_type=\"section\">\n\t\t\t\t\t\t<div class=\"elementor-container elementor-column-gap-default\">\n\t\t\t\t\t<div class=\"elementor-column elementor-col-100 elementor-top-column elementor-element elementor-element-c5f4f7c\" data-id=\"c5f4f7c\" data-element_type=\"column\">\n\t\t\t<div class=\"elementor-widget-wrap elementor-element-populated\">\n\t\t\t\t\t\t\t\t<div class=\"elementor-element elementor-element-9d2722d elementor-widget elementor-widget-text-editor\" data-id=\"9d2722d\" data-element_type=\"widget\" data-widget_type=\"text-editor.default\">\n\t\t\t\t<div class=\"elementor-widget-container\">\n\t\t\t\t\t\t\t<blockquote><p>\"Quality is not an action, it is a habit.\"\u00a0<strong>Aristotle<\/strong><\/p><\/blockquote>\t\t\t\t\t\t<\/div>\n\t\t\t\t<\/div>\n\t\t\t\t\t<\/div>\n\t\t<\/div>\n\t\t\t\t\t\t\t<\/div>\n\t\t<\/section>\n\t\t\t\t<section class=\"elementor-section elementor-top-section elementor-element elementor-element-b9eeb8c elementor-section-content-space-around elementor-section-boxed elementor-section-height-default elementor-section-height-default\" data-id=\"b9eeb8c\" data-element_type=\"section\">\n\t\t\t\t\t\t<div class=\"elementor-container elementor-column-gap-default\">\n\t\t\t\t\t<div class=\"elementor-column elementor-col-50 elementor-top-column elementor-element elementor-element-0783332\" data-id=\"0783332\" data-element_type=\"column\">\n\t\t\t<div class=\"elementor-widget-wrap elementor-element-populated\">\n\t\t\t\t\t\t\t\t<div class=\"elementor-element elementor-element-c42a058 elementor-widget elementor-widget-image\" data-id=\"c42a058\" data-element_type=\"widget\" data-widget_type=\"image.default\">\n\t\t\t\t<div class=\"elementor-widget-container\">\n\t\t\t\t\t\t\t\t\t\t\t\t\t\t\t<img decoding=\"async\" src=\"https:\/\/www.kimteknoloji.com.tr\/wp-content\/uploads\/elementor\/thumbs\/KIM-lab-qcczinmr4tc5ojlq5aomdw0pkyamqb75r5uk7p3ogw.jpg\" title=\"\" alt=\"\" loading=\"lazy\" \/>\t\t\t\t\t\t\t\t\t\t\t\t\t\t\t<\/div>\n\t\t\t\t<\/div>\n\t\t\t\t\t<\/div>\n\t\t<\/div>\n\t\t\t\t<div class=\"elementor-column elementor-col-50 elementor-top-column elementor-element elementor-element-01ac777\" data-id=\"01ac777\" data-element_type=\"column\">\n\t\t\t<div class=\"elementor-widget-wrap elementor-element-populated\">\n\t\t\t\t\t\t\t\t<div class=\"elementor-element elementor-element-074fb26 elementor-widget elementor-widget-text-editor\" data-id=\"074fb26\" data-element_type=\"widget\" data-widget_type=\"text-editor.default\">\n\t\t\t\t<div class=\"elementor-widget-container\">\n\t\t\t\t\t\t\t<p><span style=\"font-size: 12.0pt;\">K\u0130M Kayseri Advanced Materials has a systematic and effective quality management system that understands customer needs and responds accordingly, is customer-oriented, focuses on the principle of continuous improvement, collects, and analyzes performance indicators to improve organizational and operational results.<\/span><\/p><p><span style=\"font-size: 12.0pt;\">In order to increase customer satisfaction with our quality system, control is carried out at every stage of production starting with raw material controls, and quality is guaranteed by preventing the formation of errors with a preventive approach.<\/span><\/p>\t\t\t\t\t\t<\/div>\n\t\t\t\t<\/div>\n\t\t\t\t\t<\/div>\n\t\t<\/div>\n\t\t\t\t\t\t\t<\/div>\n\t\t<\/section>\n\t\t\t\t<section class=\"elementor-section elementor-top-section elementor-element elementor-element-55f14b0 elementor-section-boxed elementor-section-height-default elementor-section-height-default\" data-id=\"55f14b0\" data-element_type=\"section\">\n\t\t\t\t\t\t<div class=\"elementor-container elementor-column-gap-default\">\n\t\t\t\t\t<div class=\"elementor-column elementor-col-100 elementor-top-column elementor-element elementor-element-ff35909\" data-id=\"ff35909\" data-element_type=\"column\">\n\t\t\t<div class=\"elementor-widget-wrap elementor-element-populated\">\n\t\t\t\t\t\t\t\t<div class=\"elementor-element elementor-element-a01d9c1 elementor-widget elementor-widget-text-editor\" data-id=\"a01d9c1\" data-element_type=\"widget\" data-widget_type=\"text-editor.default\">\n\t\t\t\t<div class=\"elementor-widget-container\">\n\t\t\t\t\t\t\t<p><span style=\"font-size: 12.0pt;\">In order to fully comply with the principle of continuous improvement, statistical studies carried out with the support of the ERP system, MES system and full automation are used to evaluate the performance of the company organization, processes and personnel, and to increase the productivity of the workforce through trainings and regulations on the subjects deemed necessary.<\/span><\/p><p><span style=\"font-size: 12.0pt;\">Our company cooperates with KALDER. In this respect, annual trainings and seminars are attended under the leadership of KALDER.<\/span><\/p><p><span style=\"font-size: 12.0pt;\">In this way, it ensures that quality becomes a habit without an action.<\/span><\/p><p>To get in touch: <strong><a href=\"mailto:info@kimtechnologies.com.tr\">contact@kimtechnologies.com.tr<\/a><\/strong><\/p>\t\t\t\t\t\t<\/div>\n\t\t\t\t<\/div>\n\t\t\t\t\t<\/div>\n\t\t<\/div>\n\t\t\t\t\t\t\t<\/div>\n\t\t<\/section>\n\t\t\t\t<section class=\"elementor-section elementor-top-section elementor-element elementor-element-db25541 elementor-section-boxed elementor-section-height-default elementor-section-height-default\" data-id=\"db25541\" data-element_type=\"section\">\n\t\t\t\t\t\t<div class=\"elementor-container elementor-column-gap-default\">\n\t\t\t\t\t<div class=\"elementor-column elementor-col-100 elementor-top-column elementor-element elementor-element-ceda725\" data-id=\"ceda725\" data-element_type=\"column\">\n\t\t\t<div class=\"elementor-widget-wrap elementor-element-populated\">\n\t\t\t\t\t\t\t\t<div class=\"elementor-element elementor-element-a79e3e2 elementor-widget elementor-widget-heading\" data-id=\"a79e3e2\" data-element_type=\"widget\" data-widget_type=\"heading.default\">\n\t\t\t\t<div class=\"elementor-widget-container\">\n\t\t\t<h2 class=\"elementor-heading-title elementor-size-default\">Our Quality Policy<\/h2>\t\t<\/div>\n\t\t\t\t<\/div>\n\t\t\t\t\t<\/div>\n\t\t<\/div>\n\t\t\t\t\t\t\t<\/div>\n\t\t<\/section>\n\t\t\t\t<section class=\"elementor-section elementor-top-section elementor-element elementor-element-addea95 elementor-section-boxed elementor-section-height-default elementor-section-height-default\" data-id=\"addea95\" data-element_type=\"section\">\n\t\t\t\t\t\t<div class=\"elementor-container elementor-column-gap-default\">\n\t\t\t\t\t<div class=\"elementor-column elementor-col-100 elementor-top-column elementor-element elementor-element-a11f035\" data-id=\"a11f035\" data-element_type=\"column\">\n\t\t\t<div class=\"elementor-widget-wrap elementor-element-populated\">\n\t\t\t\t\t\t\t\t<div class=\"elementor-element elementor-element-bd1c463 elementor-widget elementor-widget-text-editor\" data-id=\"bd1c463\" data-element_type=\"widget\" data-widget_type=\"text-editor.default\">\n\t\t\t\t<div class=\"elementor-widget-container\">\n\t\t\t\t\t\t\t<p>Our goal is to be a reputable company that operates with a process approach and customer-centric principles, using environmentally friendly, high-tech systems that enable traceability and performance monitoring of all stakeholders. We prioritize raw material sources that are closest to us, contribute to the region where we operate, and strive for sustainability and continuous improvement in our production and services. We invest in new core technologies, and while achieving all of this, we value the ideas and suggestions of our employees.<\/p>\t\t\t\t\t\t<\/div>\n\t\t\t\t<\/div>\n\t\t\t\t\t<\/div>\n\t\t<\/div>\n\t\t\t\t\t\t\t<\/div>\n\t\t<\/section>\n\t\t\t\t\t\t\t<\/div>","protected":false},"excerpt":{"rendered":"<p>Kalite \u201cKalite bir eylem de\u011fil, bir al\u0131\u015fkanl\u0131kt\u0131r.\u201d \u2013\u00a0Aristo K\u0130M Kayseri \u0130leri Malzemeler, m\u00fc\u015fteri ihtiya\u00e7lar\u0131n\u0131 anlayan ve buna uygun cevap vererek m\u00fc\u015fteri odakl\u0131 olan, s\u00fcrekli iyile\u015ftirme ilkesine odaklanan, organizasyonel ve i\u015fletmesel sonu\u00e7lar\u0131 iyile\u015ftirmek i\u00e7in performans g\u00f6stergelerini toplayan ve analiz edebilen sistematik<\/p>","protected":false},"author":1,"featured_media":0,"parent":0,"menu_order":0,"comment_status":"closed","ping_status":"closed","template":"","meta":{"footnotes":""},"_links":{"self":[{"href":"https:\/\/www.kimteknoloji.com.tr\/en\/wp-json\/wp\/v2\/pages\/775"}],"collection":[{"href":"https:\/\/www.kimteknoloji.com.tr\/en\/wp-json\/wp\/v2\/pages"}],"about":[{"href":"https:\/\/www.kimteknoloji.com.tr\/en\/wp-json\/wp\/v2\/types\/page"}],"author":[{"embeddable":true,"href":"https:\/\/www.kimteknoloji.com.tr\/en\/wp-json\/wp\/v2\/users\/1"}],"replies":[{"embeddable":true,"href":"https:\/\/www.kimteknoloji.com.tr\/en\/wp-json\/wp\/v2\/comments?post=775"}],"version-history":[{"count":23,"href":"https:\/\/www.kimteknoloji.com.tr\/en\/wp-json\/wp\/v2\/pages\/775\/revisions"}],"predecessor-version":[{"id":1685,"href":"https:\/\/www.kimteknoloji.com.tr\/en\/wp-json\/wp\/v2\/pages\/775\/revisions\/1685"}],"wp:attachment":[{"href":"https:\/\/www.kimteknoloji.com.tr\/en\/wp-json\/wp\/v2\/media?parent=775"}],"curies":[{"name":"wp","href":"https:\/\/api.w.org\/{rel}","templated":true}]}}