{"id":758,"date":"2021-06-07T15:17:07","date_gmt":"2021-06-07T12:17:07","guid":{"rendered":"http:\/\/www.kimteknoloji.com.tr\/?page_id=758"},"modified":"2022-01-13T21:38:33","modified_gmt":"2022-01-13T18:38:33","slug":"758-2","status":"publish","type":"page","link":"https:\/\/www.kimteknoloji.com.tr\/en\/758-2\/","title":{"rendered":"Design"},"content":{"rendered":"<div data-elementor-type=\"wp-page\" data-elementor-id=\"758\" class=\"elementor elementor-758\">\n\t\t\t\t\t\t\t\t\t<section class=\"elementor-section elementor-top-section elementor-element elementor-element-b4d0b05 elementor-section-boxed elementor-section-height-default elementor-section-height-default\" data-id=\"b4d0b05\" data-element_type=\"section\">\n\t\t\t\t\t\t<div class=\"elementor-container elementor-column-gap-default\">\n\t\t\t\t\t<div class=\"elementor-column elementor-col-100 elementor-top-column elementor-element elementor-element-ddfb0d4\" data-id=\"ddfb0d4\" data-element_type=\"column\">\n\t\t\t<div class=\"elementor-widget-wrap elementor-element-populated\">\n\t\t\t\t\t\t\t\t<div class=\"elementor-element elementor-element-891f318 elementor-widget elementor-widget-heading\" data-id=\"891f318\" data-element_type=\"widget\" data-widget_type=\"heading.default\">\n\t\t\t\t<div class=\"elementor-widget-container\">\n\t\t\t<h2 class=\"elementor-heading-title elementor-size-default\">Design<\/h2>\t\t<\/div>\n\t\t\t\t<\/div>\n\t\t\t\t\t<\/div>\n\t\t<\/div>\n\t\t\t\t\t\t\t<\/div>\n\t\t<\/section>\n\t\t\t\t<section class=\"elementor-section elementor-top-section elementor-element elementor-element-8fa0d0d elementor-section-content-space-around elementor-section-boxed elementor-section-height-default elementor-section-height-default\" data-id=\"8fa0d0d\" data-element_type=\"section\">\n\t\t\t\t\t\t<div class=\"elementor-container elementor-column-gap-default\">\n\t\t\t\t\t<div class=\"elementor-column elementor-col-50 elementor-top-column elementor-element elementor-element-0696a6b\" data-id=\"0696a6b\" data-element_type=\"column\">\n\t\t\t<div class=\"elementor-widget-wrap elementor-element-populated\">\n\t\t\t\t\t\t\t\t<div class=\"elementor-element elementor-element-38f22c9 elementor-widget elementor-widget-text-editor\" data-id=\"38f22c9\" data-element_type=\"widget\" data-widget_type=\"text-editor.default\">\n\t\t\t\t<div class=\"elementor-widget-container\">\n\t\t\t\t\t\t\t<p><span style=\"font-size: 12.0pt;\">As KIM Kayseri Advanced Materials Industry and Technology Inc., we have the capabilities that can make a difference in design by bringing together our expert and experienced technical team, and our laboratory infrastructure consisting of high-tech devices.<\/span><\/p><p><span style=\"font-size: 12.0pt;\">It will be sufficient to reveal information such as where and how the product to be designed will be used, material requirements and constraints, the amount needed, and the cost estimate in order to start the work.<\/span><\/p><p><span style=\"font-size: 12.0pt;\">In addition to these, the creation of geometry (3D Scanner\/3D Printer) suitable for the product and\/or product's application area is also among the capabilities of our design team.<\/span><\/p><p><span style=\"font-size: 12.0pt;\">To get in touch: <a href=\"mailto:contact@kimtechnologies.com.tr\" target=\"_blank\" rel=\"noopener\"><strong>contact@kimtechnologies.com.tr<\/strong><\/a><\/span><\/p>\t\t\t\t\t\t<\/div>\n\t\t\t\t<\/div>\n\t\t\t\t\t<\/div>\n\t\t<\/div>\n\t\t\t\t<div class=\"elementor-column elementor-col-50 elementor-top-column elementor-element elementor-element-0a39770\" data-id=\"0a39770\" data-element_type=\"column\">\n\t\t\t<div class=\"elementor-widget-wrap elementor-element-populated\">\n\t\t\t\t\t\t\t\t<div class=\"elementor-element elementor-element-a8fe694 elementor-widget elementor-widget-image\" data-id=\"a8fe694\" data-element_type=\"widget\" data-widget_type=\"image.default\">\n\t\t\t\t<div class=\"elementor-widget-container\">\n\t\t\t\t\t\t\t\t\t\t\t\t\t\t\t<img decoding=\"async\" loading=\"lazy\" width=\"500\" height=\"500\" src=\"https:\/\/www.kimteknoloji.com.tr\/wp-content\/uploads\/2021\/06\/tasarim-tarayici.png\" class=\"attachment-large size-large wp-image-762\" alt=\"\" srcset=\"https:\/\/www.kimteknoloji.com.tr\/wp-content\/uploads\/2021\/06\/tasarim-tarayici.png 500w, https:\/\/www.kimteknoloji.com.tr\/wp-content\/uploads\/2021\/06\/tasarim-tarayici-300x300.png 300w, https:\/\/www.kimteknoloji.com.tr\/wp-content\/uploads\/2021\/06\/tasarim-tarayici-150x150.png 150w, https:\/\/www.kimteknoloji.com.tr\/wp-content\/uploads\/2021\/06\/tasarim-tarayici-270x270.png 270w, https:\/\/www.kimteknoloji.com.tr\/wp-content\/uploads\/2021\/06\/tasarim-tarayici-230x230.png 230w\" sizes=\"(max-width: 500px) 100vw, 500px\" \/>\t\t\t\t\t\t\t\t\t\t\t\t\t\t\t<\/div>\n\t\t\t\t<\/div>\n\t\t\t\t\t<\/div>\n\t\t<\/div>\n\t\t\t\t\t\t\t<\/div>\n\t\t<\/section>\n\t\t\t\t<section class=\"elementor-section elementor-top-section elementor-element elementor-element-2a8b12a elementor-section-boxed elementor-section-height-default elementor-section-height-default\" data-id=\"2a8b12a\" data-element_type=\"section\">\n\t\t\t\t\t\t<div class=\"elementor-container elementor-column-gap-default\">\n\t\t\t\t\t<div class=\"elementor-column elementor-col-100 elementor-top-column elementor-element elementor-element-a2a6e3b\" data-id=\"a2a6e3b\" data-element_type=\"column\">\n\t\t\t<div class=\"elementor-widget-wrap elementor-element-populated\">\n\t\t\t\t\t\t\t\t<div class=\"elementor-element elementor-element-43c62f9 elementor-widget elementor-widget-image\" data-id=\"43c62f9\" data-element_type=\"widget\" data-widget_type=\"image.default\">\n\t\t\t\t<div class=\"elementor-widget-container\">\n\t\t\t\t\t\t\t\t\t\t\t\t\t\t\t<img decoding=\"async\" src=\"https:\/\/www.kimteknoloji.com.tr\/wp-content\/uploads\/elementor\/thumbs\/ls-dyna-qcczj1qef1f6tio50n5g38hbspvzpi87dptinqf9uo.jpeg\" title=\"\" alt=\"\" loading=\"lazy\" \/>\t\t\t\t\t\t\t\t\t\t\t\t\t\t\t<\/div>\n\t\t\t\t<\/div>\n\t\t\t\t\t<\/div>\n\t\t<\/div>\n\t\t\t\t\t\t\t<\/div>\n\t\t<\/section>\n\t\t\t\t\t\t\t<\/div>","protected":false},"excerpt":{"rendered":"<p>Tasar\u0131m KIM Kayseri \u0130leri Malzemeler Sanayi ve Teknoloji A.\u015e. olarak konusunda uzman ve tecr\u00fcbeli teknik ekibimiz ile y\u00fcksek teknolojik cihazlardan olu\u015fan laboratuvar altyap\u0131m\u0131z\u0131 bir araya getirerek tasar\u0131m konusunda fark yaratabilecek kabiliyetleri \u015firket b\u00fcnyemizde bulundurmaktay\u0131z. Tasar\u0131m\u0131 yap\u0131lmas\u0131 istenilen \u00fcr\u00fcn\u00fcn nerde ve<\/p>","protected":false},"author":1,"featured_media":0,"parent":0,"menu_order":0,"comment_status":"closed","ping_status":"closed","template":"","meta":{"footnotes":""},"_links":{"self":[{"href":"https:\/\/www.kimteknoloji.com.tr\/en\/wp-json\/wp\/v2\/pages\/758"}],"collection":[{"href":"https:\/\/www.kimteknoloji.com.tr\/en\/wp-json\/wp\/v2\/pages"}],"about":[{"href":"https:\/\/www.kimteknoloji.com.tr\/en\/wp-json\/wp\/v2\/types\/page"}],"author":[{"embeddable":true,"href":"https:\/\/www.kimteknoloji.com.tr\/en\/wp-json\/wp\/v2\/users\/1"}],"replies":[{"embeddable":true,"href":"https:\/\/www.kimteknoloji.com.tr\/en\/wp-json\/wp\/v2\/comments?post=758"}],"version-history":[{"count":19,"href":"https:\/\/www.kimteknoloji.com.tr\/en\/wp-json\/wp\/v2\/pages\/758\/revisions"}],"predecessor-version":[{"id":1434,"href":"https:\/\/www.kimteknoloji.com.tr\/en\/wp-json\/wp\/v2\/pages\/758\/revisions\/1434"}],"wp:attachment":[{"href":"https:\/\/www.kimteknoloji.com.tr\/en\/wp-json\/wp\/v2\/media?parent=758"}],"curies":[{"name":"wp","href":"https:\/\/api.w.org\/{rel}","templated":true}]}}