{"id":736,"date":"2021-06-07T12:49:20","date_gmt":"2021-06-07T09:49:20","guid":{"rendered":"http:\/\/www.kimteknoloji.com.tr\/?page_id=736"},"modified":"2022-01-14T00:07:02","modified_gmt":"2022-01-13T21:07:02","slug":"seramik-matriks-kompozitler","status":"publish","type":"page","link":"https:\/\/www.kimteknoloji.com.tr\/en\/seramik-matriks-kompozitler\/","title":{"rendered":"Ceramic Matrix Composites"},"content":{"rendered":"<div data-elementor-type=\"wp-page\" data-elementor-id=\"736\" class=\"elementor elementor-736\">\n\t\t\t\t\t\t\t\t\t<section class=\"elementor-section elementor-top-section elementor-element elementor-element-4cc82a3 elementor-section-boxed elementor-section-height-default elementor-section-height-default\" data-id=\"4cc82a3\" data-element_type=\"section\">\n\t\t\t\t\t\t<div class=\"elementor-container elementor-column-gap-default\">\n\t\t\t\t\t<div class=\"elementor-column elementor-col-100 elementor-top-column elementor-element elementor-element-f96f735\" data-id=\"f96f735\" data-element_type=\"column\">\n\t\t\t<div class=\"elementor-widget-wrap elementor-element-populated\">\n\t\t\t\t\t\t\t\t<div class=\"elementor-element elementor-element-c957aef elementor-widget elementor-widget-heading\" data-id=\"c957aef\" data-element_type=\"widget\" data-widget_type=\"heading.default\">\n\t\t\t\t<div class=\"elementor-widget-container\">\n\t\t\t<h2 class=\"elementor-heading-title elementor-size-default\">Ceramic Matrix Composites<\/h2>\t\t<\/div>\n\t\t\t\t<\/div>\n\t\t\t\t\t<\/div>\n\t\t<\/div>\n\t\t\t\t\t\t\t<\/div>\n\t\t<\/section>\n\t\t\t\t<section class=\"elementor-section elementor-top-section elementor-element elementor-element-96a12a4 elementor-section-boxed elementor-section-height-default elementor-section-height-default\" data-id=\"96a12a4\" data-element_type=\"section\">\n\t\t\t\t\t\t<div class=\"elementor-container elementor-column-gap-default\">\n\t\t\t\t\t<div class=\"elementor-column elementor-col-100 elementor-top-column elementor-element elementor-element-1ca0695\" data-id=\"1ca0695\" data-element_type=\"column\">\n\t\t\t<div class=\"elementor-widget-wrap elementor-element-populated\">\n\t\t\t\t\t\t\t\t<div class=\"elementor-element elementor-element-ec74dcc elementor-widget elementor-widget-text-editor\" data-id=\"ec74dcc\" data-element_type=\"widget\" data-widget_type=\"text-editor.default\">\n\t\t\t\t<div class=\"elementor-widget-container\">\n\t\t\t\t\t\t\t<p><span style=\"font-size: 12.0pt;\">C\/C and C\/SiC materials, which are among our production capabilities, are preferred over metals in aircraft and automobile brake discs, in the defense and aerospace industry due to their high heat\/abrasion resistance and low specific gravity.<\/span><\/p>\t\t\t\t\t\t<\/div>\n\t\t\t\t<\/div>\n\t\t\t\t\t<\/div>\n\t\t<\/div>\n\t\t\t\t\t\t\t<\/div>\n\t\t<\/section>\n\t\t\t\t<section class=\"elementor-section elementor-top-section elementor-element elementor-element-345c8f8 elementor-section-boxed elementor-section-height-default elementor-section-height-default\" data-id=\"345c8f8\" data-element_type=\"section\">\n\t\t\t\t\t\t<div class=\"elementor-container elementor-column-gap-default\">\n\t\t\t\t\t<div class=\"elementor-column elementor-col-50 elementor-top-column elementor-element elementor-element-1c2f475\" data-id=\"1c2f475\" data-element_type=\"column\">\n\t\t\t<div class=\"elementor-widget-wrap elementor-element-populated\">\n\t\t\t\t\t\t\t\t<div class=\"elementor-element elementor-element-41adb90 elementor-widget elementor-widget-image\" data-id=\"41adb90\" data-element_type=\"widget\" data-widget_type=\"image.default\">\n\t\t\t\t<div class=\"elementor-widget-container\">\n\t\t\t\t\t\t\t\t\t\t\t\t\t\t\t<img decoding=\"async\" loading=\"lazy\" width=\"750\" height=\"645\" src=\"https:\/\/www.kimteknoloji.com.tr\/wp-content\/uploads\/2021\/06\/c-c-fren-disk-768x660.jpg\" class=\"attachment-medium_large size-medium_large wp-image-740\" alt=\"\" srcset=\"https:\/\/www.kimteknoloji.com.tr\/wp-content\/uploads\/2021\/06\/c-c-fren-disk-768x660.jpg 768w, https:\/\/www.kimteknoloji.com.tr\/wp-content\/uploads\/2021\/06\/c-c-fren-disk-300x258.jpg 300w, https:\/\/www.kimteknoloji.com.tr\/wp-content\/uploads\/2021\/06\/c-c-fren-disk-1024x881.jpg 1024w, https:\/\/www.kimteknoloji.com.tr\/wp-content\/uploads\/2021\/06\/c-c-fren-disk-1536x1321.jpg 1536w, https:\/\/www.kimteknoloji.com.tr\/wp-content\/uploads\/2021\/06\/c-c-fren-disk-2048x1761.jpg 2048w\" sizes=\"(max-width: 750px) 100vw, 750px\" \/>\t\t\t\t\t\t\t\t\t\t\t\t\t\t\t<\/div>\n\t\t\t\t<\/div>\n\t\t\t\t\t<\/div>\n\t\t<\/div>\n\t\t\t\t<div class=\"elementor-column elementor-col-50 elementor-top-column elementor-element elementor-element-33ee0a3\" data-id=\"33ee0a3\" data-element_type=\"column\">\n\t\t\t<div class=\"elementor-widget-wrap elementor-element-populated\">\n\t\t\t\t\t\t\t\t<div class=\"elementor-element elementor-element-fc71226 elementor-widget elementor-widget-image\" data-id=\"fc71226\" data-element_type=\"widget\" data-widget_type=\"image.default\">\n\t\t\t\t<div class=\"elementor-widget-container\">\n\t\t\t\t\t\t\t\t\t\t\t\t\t\t\t<img decoding=\"async\" loading=\"lazy\" width=\"750\" height=\"500\" src=\"https:\/\/www.kimteknoloji.com.tr\/wp-content\/uploads\/2021\/06\/c-sic-768x512.jpg\" class=\"attachment-medium_large size-medium_large wp-image-741\" alt=\"\" srcset=\"https:\/\/www.kimteknoloji.com.tr\/wp-content\/uploads\/2021\/06\/c-sic-768x512.jpg 768w, https:\/\/www.kimteknoloji.com.tr\/wp-content\/uploads\/2021\/06\/c-sic-300x200.jpg 300w, https:\/\/www.kimteknoloji.com.tr\/wp-content\/uploads\/2021\/06\/c-sic-1024x683.jpg 1024w, https:\/\/www.kimteknoloji.com.tr\/wp-content\/uploads\/2021\/06\/c-sic-1536x1024.jpg 1536w, https:\/\/www.kimteknoloji.com.tr\/wp-content\/uploads\/2021\/06\/c-sic-2048x1365.jpg 2048w\" sizes=\"(max-width: 750px) 100vw, 750px\" \/>\t\t\t\t\t\t\t\t\t\t\t\t\t\t\t<\/div>\n\t\t\t\t<\/div>\n\t\t\t\t\t<\/div>\n\t\t<\/div>\n\t\t\t\t\t\t\t<\/div>\n\t\t<\/section>\n\t\t\t\t\t\t\t<\/div>","protected":false},"excerpt":{"rendered":"<p>Seramik Matris Kompozitler \u00dcretim kabiliyetlerimiz aras\u0131nda olan C\/C ve C\/SiC malzemeler u\u00e7ak ve otomobil fren disklerinde, savunma ve uzay sanayisinde, y\u00fcksek \u0131s\u0131\/a\u015f\u0131nma dayan\u0131m\u0131 ve d\u00fc\u015f\u00fck \u00f6zg\u00fcl a\u011f\u0131rl\u0131\u011f\u0131 sayesinde metallerin yerine tercih edilmektedir.<\/p>","protected":false},"author":1,"featured_media":0,"parent":0,"menu_order":0,"comment_status":"closed","ping_status":"closed","template":"","meta":{"footnotes":""},"_links":{"self":[{"href":"https:\/\/www.kimteknoloji.com.tr\/en\/wp-json\/wp\/v2\/pages\/736"}],"collection":[{"href":"https:\/\/www.kimteknoloji.com.tr\/en\/wp-json\/wp\/v2\/pages"}],"about":[{"href":"https:\/\/www.kimteknoloji.com.tr\/en\/wp-json\/wp\/v2\/types\/page"}],"author":[{"embeddable":true,"href":"https:\/\/www.kimteknoloji.com.tr\/en\/wp-json\/wp\/v2\/users\/1"}],"replies":[{"embeddable":true,"href":"https:\/\/www.kimteknoloji.com.tr\/en\/wp-json\/wp\/v2\/comments?post=736"}],"version-history":[{"count":32,"href":"https:\/\/www.kimteknoloji.com.tr\/en\/wp-json\/wp\/v2\/pages\/736\/revisions"}],"predecessor-version":[{"id":1458,"href":"https:\/\/www.kimteknoloji.com.tr\/en\/wp-json\/wp\/v2\/pages\/736\/revisions\/1458"}],"wp:attachment":[{"href":"https:\/\/www.kimteknoloji.com.tr\/en\/wp-json\/wp\/v2\/media?parent=736"}],"curies":[{"name":"wp","href":"https:\/\/api.w.org\/{rel}","templated":true}]}}